{"id":28393,"date":"2020-06-29T18:19:50","date_gmt":"2020-06-29T16:19:50","guid":{"rendered":"https:\/\/proretoque.photo\/avis-legal\/"},"modified":"2025-10-25T12:15:30","modified_gmt":"2025-10-25T10:15:30","slug":"avis-legal","status":"publish","type":"page","link":"https:\/\/proretoque.photo\/ca\/avis-legal\/","title":{"rendered":"AV\u00cdS LEGAL"},"content":{"rendered":"\t\t<div data-elementor-type=\"wp-page\" data-elementor-id=\"28393\" class=\"elementor elementor-28393 elementor-1197\" data-elementor-settings=\"[]\">\n\t\t\t\t\t\t<div class=\"elementor-inner\">\n\t\t\t\t\t\t\t<div class=\"elementor-section-wrap\">\n\t\t\t\t\t\t\t<section class=\"elementor-section elementor-top-section elementor-element elementor-element-3d7aaf4f elementor-section-boxed elementor-section-height-default elementor-section-height-default\" data-id=\"3d7aaf4f\" data-element_type=\"section\">\n\t\t\t\t\t\t<div class=\"elementor-container elementor-column-gap-default\">\n\t\t\t\t\t\t\t<div class=\"elementor-row\">\n\t\t\t\t\t<div class=\"elementor-column elementor-col-100 elementor-top-column elementor-element elementor-element-75ac7c44\" data-id=\"75ac7c44\" data-element_type=\"column\">\n\t\t\t<div class=\"elementor-column-wrap elementor-element-populated\">\n\t\t\t\t\t\t\t<div class=\"elementor-widget-wrap\">\n\t\t\t\t\t\t<div class=\"elementor-element elementor-element-62507a40 elementor-widget elementor-widget-text-editor\" data-id=\"62507a40\" data-element_type=\"widget\" data-widget_type=\"text-editor.default\">\n\t\t\t\t<div class=\"elementor-widget-container\">\n\t\t\t\t\t\t\t\t<div class=\"elementor-text-editor elementor-clearfix\">\n\t\t\t\t<p><strong> <\/strong><\/p>\n<h4><strong> AV\u00cdS LEGAL<\/strong><\/h4>\n<h4><strong> <\/strong><\/h4>\n<h4><strong style=\"font-size: 1.5rem;\"> 1.- DADES IDENTIFICATIVES<\/strong><\/h4>\n<div><strong> <\/strong><\/div>\n<p><\/p>\n<p><\/p>\n<p>En compliment amb el deure informaci\u00f3 recollit a la Llei 34\/2002, d&#8217;11 de juliol, de Serveis de la Societat de la Informaci\u00f3 i del Comer\u00e7 Electr\u00f2nic, us informem:<\/p>\n<p><\/p>\n<p><\/p>\n<ul>\n<li>Fotoretoque S.L., \u00e9s una empresa dedicada al <strong>retoc digital d&#8217;imatges.<\/strong><\/li>\n<li>Fotoretoc S.L. es troba inscrita al Registre Mercantil de Madrid. Tom 30.155 Foli 97 Secci\u00f3 8 Fulla M542756 <\/li>\n<li>Fotoretoque S.L amb C.I.F: B86524568, \u00e9s una societat domiciliada als efectes de la present informaci\u00f3 al Carrer Martinez Izquierdo, 80 Baix, \u2013 28014 Madrid, i \u00e9s actualment l&#8217;encarregada de <strong>l&#8217;explotaci\u00f3, la gesti\u00f3 i el funcionament <\/strong>del lloc web <a href=\"http:\/\/proretoque.photo\">www.proretoque,photo<\/a><\/li>\n<li>Altres dades de contacte que posem a la vostra disposici\u00f3: admin@proretoque.photo<\/li>\n<li> <\/li>\n<\/ul>\n<p><\/p>\n<p><\/p>\n<p><\/p>\n<p><\/p>\n<h4><strong>2.- USUARIS<\/strong><\/h4>\n<div><strong> <\/strong><\/div>\n<p><\/p>\n<p><\/p>\n<p>L&#8217;acc\u00e9s i\/o \u00fas d&#8217;aquest portal us atribueix la condici\u00f3 d&#8217;<strong>USUARI<\/strong>, que accepta, des d&#8217;aquest acc\u00e9s i\/o \u00fas, les Condicions Generals d&#8217;\u00das reflectides aqu\u00ed. Les condicions esmentades s\u00f3n aplicables independentment de les condicions generals de contractaci\u00f3 que, si s&#8217;escau, resultin de <strong>compliment obligat.<\/strong> <\/p>\n<p> <\/p>\n<p><\/p>\n<p><\/p>\n<h4><strong> <\/strong><\/h4>\n<h4><strong>3.- \u00daS DEL PORTAL<\/strong><\/h4>\n<div><strong> <\/strong><\/div>\n<p><\/p>\n<p><\/p>\n<p>www.proretoque.photo proporciona l&#8217;acc\u00e9s a multitud de productes, serveis o dades<em> (d&#8217;ara endavant, \u201cels continguts\u201d)<\/em> a Internet pertanyents a Fotoretoque S.L. oa tercers a qu\u00e8 l&#8217;USUARI pot tenir acc\u00e9s. L\u00b4USUARI assumeix la responsabilitat de l\u00b4\u00fas del portal. Aquesta responsabilitat s&#8217;est\u00e9n al registre necessari per accedir a determinats serveis o continguts. En aquest registre, l&#8217;USUARI ser\u00e0 responsable d&#8217;aportar informaci\u00f3 <strong>vera\u00e7 i l\u00edcita<\/strong>. Com a conseq\u00fc\u00e8ncia d&#8217;aquest registre, a l&#8217;USUARI se li pot proporcionar una contrasenya de la qual ser\u00e0 responsable, comprometent-se a fer-ne un \u00fas diligent i confidencial. L&#8217;USUARI es compromet a fer un \u00fas adequat dels continguts i serveis que Fotoretoque S.L. ofereix a trav\u00e9s del seu portal i, amb car\u00e0cter enunciatiu per\u00f2 no limitatiu, <strong>a no emprar-los<\/strong> per a:     <\/p>\n<p><\/p>\n<p><\/p>\n<ul>\n<li>Inc\u00f3rrer en activitats il\u00b7l\u00edcites, il\u00b7legals o contr\u00e0ries a la bona fe i l&#8217;ordre p\u00fablic.<\/li>\n<li>Difondre continguts o propaganda de car\u00e0cter racista, xen\u00f2fob, pornogr\u00e0fic il\u00b7legal, d&#8217;apologia del terrorisme o atemptatori contra els drets humans.<\/li>\n<li>Provocar danys als sistemes f\u00edsics i l\u00f2gics de Fotoretoque S.L. dels seus prove\u00efdors o de terceres persones, introduir o difondre a la xarxa virus inform\u00e0tics o qualssevol altres sistemes f\u00edsics o l\u00f2gics que siguin susceptibles de provocar els danys anteriorment esmentats.<\/li>\n<li>Intentar accedir i, si escau, utilitzar els comptes de correu electr\u00f2nic daltres usuaris i modificar o manipular els seus missatges.<\/li>\n<\/ul>\n<p><\/p>\n<p><\/p>\n<p>Fotoretoc S.L. es reserva el dret de <strong>retirar tots aquells comentaris <\/strong>i aportacions que vulnerin el respecte a la dignitat de la persona, que siguin discriminatoris, xen\u00f2fobs, racistes, pornogr\u00e0fics, que atemptin contra la joventut o la inf\u00e0ncia, l&#8217;ordre o la seguretat p\u00fablica o que, a parer seu, no resultessin adequats per a la seva publicaci\u00f3. En qualsevol cas, Fotoretoque S.L. <strong>no ser\u00e0 responsable<\/strong>, dins dels l\u00edmits marcats per la llei, <strong>de les opinions<\/strong> abocades pels usuaris a la seva web a trav\u00e9s de qualsevol eina de participaci\u00f3. <\/p>\n<p> <\/p>\n<p> <\/p>\n<p><\/p>\n<p><\/p>\n<h4><strong>4.- PROPIETAT INTEL\u00b7LECTUAL I PORTAL<\/strong><\/h4>\n<div><strong> <\/strong><\/div>\n<p><\/p>\n<p><\/p>\n<p>1. Tots els signes distintius, marques, noms comercials, continguts, estructura, disseny i forma de presentaci\u00f3 dels elements i qualsevol altra informaci\u00f3 que aparegui en aquest lloc web s\u00f3n propietat de Fotoretoque S.L. per si o com a cession\u00e0ria i estan protegits pels drets de propietat industrial i intel\u00b7lectual.<\/p>\n<p><\/p>\n<p><\/p>\n<p><strong>2. <\/strong>L&#8217;usuari <strong>t\u00e9 prohibida<\/strong> la reproducci\u00f3, la transformaci\u00f3, la distribuci\u00f3, la comunicaci\u00f3 p\u00fablica i, en general, qualsevol altra forma d&#8217;explotaci\u00f3 dels elements referits a l&#8217;apartat anterior sense autoritzaci\u00f3 expressa de Fotoretoque S.L.<\/p>\n<p><\/p>\n<p><\/p>\n<p><strong>3. <\/strong>L&#8217;usuari s&#8217;abstindr\u00e0 de fer servir mitjans que puguin suprimir, alterar, eludir o manipular qualsevol dispositiu de protecci\u00f3 o sistemes de seguretat que puguin estar instal\u00b7lats i que comportin un risc o dany o inutilitzaci\u00f3 del lloc web i\/o els seus continguts.<\/p>\n<p><\/p>\n<p><\/p>\n<p><strong>4. <\/strong>Fotoretoc S.L. no es responsabilitza del possible <strong>\u00fas inapropiat<\/strong> que tercers facin d&#8217;aquesta p\u00e0gina web, ni de la informaci\u00f3 que a trav\u00e9s d&#8217;aquesta transmetin a tercers. L&#8217;\u00fas dels continguts que pugui fer l&#8217;usuari i les conseq\u00fc\u00e8ncies eventuals, danys o perjudicis que se&#8217;n poguessin derivar, s\u00f3n de la<strong> responsabilitat exclusiva de l&#8217;usuari.<\/strong> Fotoretoc S.L. s&#8217;exclou pels danys i perjudicis de tota naturalesa causats als usuaris per l&#8217;\u00fas d&#8217;enlla\u00e7os (<em>links)<\/em>, directoris i eines de cerca, que permeten als usuaris accedir a llocs web pertanyents i\/o gestionats per tercers aix\u00ed com de la pres\u00e8ncia de virus o altres codis maliciosos en els continguts que puguin produir qualsevol tipus de danys al sistema inform\u00e0tic, documents electr\u00f2nics. Fotoretoc S.L. es reserva el dret d&#8217;exercitar les accions legals que consideri oportunes derivades de qualsevol \u00fas il\u00b7l\u00edcit per part de tercers dels continguts de la seva p\u00e0gina web.   <\/p>\n<p> <\/p>\n<p><\/p>\n<p><\/p>\n<h4><strong> <\/strong><\/h4>\n<h4><strong>5.- DRETS D&#8217;IMATGE<\/strong><\/h4>\n<div><strong> <\/strong><\/div>\n<p><\/p>\n<p><\/p>\n<p>L&#8217;autoritzaci\u00f3 per a la transformaci\u00f3 del material fotogr\u00e0fic que l&#8217;usuari concedeix a Fotoretoque S.L. amb l&#8217;acceptaci\u00f3 de les Condicions Generals de Contractaci\u00f3, <strong>no suposa cap cessi\u00f3 de drets<\/strong> de propietat intel\u00b7lectual o industrial a favor Fotoretoque S.L., limitant-se aquesta a dur a terme el retocat del dit material fotogr\u00e0fic de conformitat amb les indicacions que l&#8217;usuari hagi establert. La titularitat dels drets de propietat intel\u00b7lectual derivats del resultat de la transformaci\u00f3 correspondr\u00e0 en tot cas a l&#8217;USUARI.  <\/p>\n<p><\/p>\n<p><\/p>\n<p>L&#8217;USUARI <strong>garanteix<\/strong> a Fotoretoque S.L. <strong>que \u00e9s el titular<\/strong> dels drets de propietat intel\u00b7lectual i\/o industrial, que es deriven del material fotogr\u00e0fic objecte de tractament, aix\u00ed com dels drets d&#8217;imatge de les persones que apareguin en aquestes fotografies, o que compta amb l&#8217;autoritzaci\u00f3 oportuna del titular o els titulars d&#8217;aquests drets per encarregar-ne la transformaci\u00f3 per part de l&#8217;Empresa. En conseq\u00fc\u00e8ncia, l&#8217;USUARI eximeix Fotoretoque S.L. de qualsevol responsabilitat que es pugui derivar de la  <strong>reclamaci\u00f3 d&#8217;un tercer en relaci\u00f3<\/strong> amb la transformaci\u00f3 realitzada, aix\u00ed com en relaci\u00f3 amb els drets de propietat intel\u00b7lectual o industrial del material fotogr\u00e0fic esmentat, i en relaci\u00f3 amb els drets d&#8217;imatge de les persones que apareguin a les fotografies objecte dels serveis contractats, l&#8217;usuari ha de respondre directament assumint el pagament \u00edntegre dels danys i perjudicis que en el seu cas es reclamin, <strong>aix\u00ed com la totalitat de les despeses<\/strong> inclusivament d&#8217;advocats, en qu\u00e8 incorri Fotoretoque S.L. per fer front a aquestes reclamacions. <\/p>\n<p> <\/p>\n<p><\/p>\n<p><\/p>\n<h4><strong> <\/strong><\/h4>\n<h4><strong>6.- EXCLUSI\u00d3 DE GARANTIES I RESPONSABILITAT<\/strong><\/h4>\n<div><strong> <\/strong><\/div>\n<p><\/p>\n<p><\/p>\n<p>Fotoretoc S.L. no es fa responsable, en cap cas, dels danys i perjudicis de qualsevol naturalesa que poguessin ocasionar, a t\u00edtol enunciatiu: errors o omissions en els continguts, manca de disponibilitat del portal o la transmissi\u00f3 de virus o programes maliciosos o lesius en els continguts, malgrat haver adoptat totes les mesures tecnol\u00f2giques necess\u00e0ries per evitar-ho.<\/p>\n<p> <\/p>\n<p><\/p>\n<p><\/p>\n<h4><strong> <\/strong><\/h4>\n<h4><strong>7.- MODIFICACIONS<\/strong><\/h4>\n<div><strong> <\/strong><\/div>\n<p><\/p>\n<p><\/p>\n<p>Fotoretoc S.L. es reserva el dret d&#8217;efectuar sense previ av\u00eds les modificacions que consideri oportunes al seu portal, podent canviar, suprimir o afegir tant els continguts i serveis que es prestin a trav\u00e9s d&#8217;aquesta com la forma en qu\u00e8 aquests apareguin presentats o localitzats al portal.<\/p>\n<p> <\/p>\n<p><\/p>\n<p><\/p>\n<h4><strong> <\/strong><\/h4>\n<h4><strong>8.- ENLLA\u00c7OS<\/strong><\/h4>\n<div><strong> <\/strong><\/div>\n<p><\/p>\n<p><\/p>\n<p>En cas que en nom del lloc web es disposessin enlla\u00e7os o <a href=\"http:\/\/blog.proretoque.photo\/\">hipervincles<\/a> feia altres llocs d&#8217;Internet, Fotoretoque S.L. no exercir\u00e0 cap tipus de control sobre aquests llocs i continguts. En cap cas Fotoretoque S.L. assumir\u00e0 cap responsabilitat pels continguts d&#8217;algun enlla\u00e7 pertanyent a un lloc web ali\u00e8, ni garantir\u00e0 la disponibilitat t\u00e8cnica, qualitat, fiabilitat, exactitud, amplitud, veracitat, validesa i constitucionalitat de qualsevol material o informaci\u00f3 continguda en cap d&#8217;aquests hipervincles o altres llocs d&#8217;Internet. Igualment, la inclusi\u00f3 d&#8217;aquestes connexions externes no implicar\u00e0 cap tipus d&#8217;associaci\u00f3, fusi\u00f3 o participaci\u00f3 amb les entitats connectades.<\/p>\n<p> <\/p>\n<p><\/p>\n<p><\/p>\n<h4><strong> <\/strong><\/h4>\n<h4><strong>9.- DRETS D&#8217;EXCLUSI\u00d3<\/strong><\/h4>\n<div><strong> <\/strong><\/div>\n<p><\/p>\n<p><\/p>\n<p>Fotoretoc S.L. es reserva el dret a denegar o retirar l&#8217;acc\u00e9s a portal i\/o als serveis oferts sense necessitat de preav\u00eds, a inst\u00e0ncia pr\u00f2pia o d&#8217;un tercer, a aquells usuaris que incompleixin les Condicions Generals d&#8217;\u00das.<\/p>\n<p> <\/p>\n<p><\/p>\n<p><\/p>\n<h4><strong> <\/strong><\/h4>\n<h4><strong>10.- GENERALITATS<\/strong><\/h4>\n<div><strong> <\/strong><\/div>\n<p><\/p>\n<p><\/p>\n<p>Fotoretoc S.L. perseguir\u00e0 l&#8217;incompliment de les condicions aix\u00ed com qualsevol utilitzaci\u00f3 indeguda del portal exercint totes les accions civils i penals que li puguin correspondre en dret.<\/p>\n<p> <\/p>\n<p><\/p>\n<p><\/p>\n<h4><strong> <\/strong><\/h4>\n<h4><strong>11.- MODIFICACI\u00d3 DE LES PRESENTS CONDICIONS I DURADA<\/strong><\/h4>\n<div><strong> <\/strong><\/div>\n<p><\/p>\n<p><\/p>\n<p>Fotoretoc S.L. podr\u00e0 modificar en qualsevol moment les condicions aqu\u00ed determinades, sent degudament publicades com apareixen aqu\u00ed.<\/p>\n<p> <\/p>\n<p><\/p>\n<p><\/p>\n<h4><strong> <\/strong><\/h4>\n<h4><strong>12.- LEGISLACI\u00d3 APLICABLE I JURISDICCI\u00d3<\/strong><\/h4>\n<div><strong> <\/strong><\/div>\n<p><\/p>\n<p><\/p>\n<p>La relaci\u00f3 entre Fotoretoque S.L. i l&#8217;USUARI es regir\u00e0 per la normativa espanyola vigent i qualsevol controv\u00e8rsia se sotmetr\u00e0 als Jutjats i Tribunals espanyols, oa l&#8217;arbitratge de Dret, administrat per la Cort d&#8217;Arbitratge de la Cambra Oficial de Comer\u00e7 i Ind\u00fastria de Madrid, a elecci\u00f3 de les parts.<\/p>\n<p><\/p>\n<p><\/p>\n<p>Actualitzat a 22 de juny de 2020<\/p>\n<p><\/p>\n<p><\/p>\n<p><em>\u00a9 2020 Fotoretoque S.L. Tots els drets reservats.<\/em><\/p>\n<p><em> <\/em><\/p>\n<p><em> <\/em><\/p>\n<p><em> <\/em><\/p>\n<p><\/p>\t\t\t\t\t<\/div>\n\t\t\t\t\t\t<\/div>\n\t\t\t\t<\/div>\n\t\t\t\t\t\t<\/div>\n\t\t\t\t\t<\/div>\n\t\t<\/div>\n\t\t\t\t\t\t\t\t<\/div>\n\t\t\t\t\t<\/div>\n\t\t<\/section>\n\t\t\t\t\t\t<\/div>\n\t\t\t\t\t\t<\/div>\n\t\t\t\t\t<\/div>\n\t\t","protected":false},"excerpt":{"rendered":"<p class=\"excerpt\">AV\u00cdS LEGAL 1.- DADES IDENTIFICATIVES En compliment amb el deure informaci\u00f3 recollit a la Llei 34\/2002, d&#8217;11 de juliol, de Serveis de la Societat de la Informaci\u00f3 i del Comer\u00e7 Electr\u00f2nic, us informem: Fotoretoque S.L., \u00e9s una empresa dedicada al retoc digital d&#8217;imatges. Fotoretoc S.L. es troba inscrita al Registre Mercantil de Madrid. Tom 30.155 [&hellip;]<\/p>\n","protected":false},"author":1,"featured_media":0,"parent":0,"menu_order":15,"comment_status":"closed","ping_status":"closed","template":"template-blank.php","meta":{"footnotes":""},"class_list":["post-28393","page","type-page","status-publish","hentry"],"_links":{"self":[{"href":"https:\/\/proretoque.photo\/ca\/wp-json\/wp\/v2\/pages\/28393","targetHints":{"allow":["GET"]}}],"collection":[{"href":"https:\/\/proretoque.photo\/ca\/wp-json\/wp\/v2\/pages"}],"about":[{"href":"https:\/\/proretoque.photo\/ca\/wp-json\/wp\/v2\/types\/page"}],"author":[{"embeddable":true,"href":"https:\/\/proretoque.photo\/ca\/wp-json\/wp\/v2\/users\/1"}],"replies":[{"embeddable":true,"href":"https:\/\/proretoque.photo\/ca\/wp-json\/wp\/v2\/comments?post=28393"}],"version-history":[{"count":4,"href":"https:\/\/proretoque.photo\/ca\/wp-json\/wp\/v2\/pages\/28393\/revisions"}],"predecessor-version":[{"id":28633,"href":"https:\/\/proretoque.photo\/ca\/wp-json\/wp\/v2\/pages\/28393\/revisions\/28633"}],"wp:attachment":[{"href":"https:\/\/proretoque.photo\/ca\/wp-json\/wp\/v2\/media?parent=28393"}],"curies":[{"name":"wp","href":"https:\/\/api.w.org\/{rel}","templated":true}]}}