{"id":21337,"date":"2024-06-26T11:18:08","date_gmt":"2024-06-26T09:18:08","guid":{"rendered":"https:\/\/proretoque.photo\/auslagerung\/"},"modified":"2025-10-24T11:06:03","modified_gmt":"2025-10-24T09:06:03","slug":"auslagerung","status":"publish","type":"page","link":"https:\/\/proretoque.photo\/de\/auslagerung\/","title":{"rendered":"OUTSOURCING"},"content":{"rendered":"\t\t<div data-elementor-type=\"wp-page\" data-elementor-id=\"21337\" class=\"elementor elementor-21337 elementor-20684\" data-elementor-settings=\"[]\">\n\t\t\t\t\t\t<div class=\"elementor-inner\">\n\t\t\t\t\t\t\t<div class=\"elementor-section-wrap\">\n\t\t\t\t\t\t\t<section class=\"elementor-section elementor-top-section elementor-element elementor-element-5976cf75 elementor-section-boxed elementor-section-height-default elementor-section-height-default\" data-id=\"5976cf75\" data-element_type=\"section\">\n\t\t\t\t\t\t<div class=\"elementor-container elementor-column-gap-default\">\n\t\t\t\t\t\t\t<div class=\"elementor-row\">\n\t\t\t\t\t<div class=\"elementor-column elementor-col-100 elementor-top-column elementor-element elementor-element-71176878\" data-id=\"71176878\" data-element_type=\"column\">\n\t\t\t<div class=\"elementor-column-wrap elementor-element-populated\">\n\t\t\t\t\t\t\t<div class=\"elementor-widget-wrap\">\n\t\t\t\t\t\t<div class=\"elementor-element elementor-element-9dd42ff elementor-widget elementor-widget-text-editor\" data-id=\"9dd42ff\" data-element_type=\"widget\" data-widget_type=\"text-editor.default\">\n\t\t\t\t<div class=\"elementor-widget-container\">\n\t\t\t\t\t\t\t\t<div class=\"elementor-text-editor elementor-clearfix\">\n\t\t\t\t<div class=\"page\" title=\"Seite 1\">\n<div class=\"section\">\n<div class=\"layoutArea\">\n<div class=\"column\">\n<p style=\"text-align: center;\"><strong>Das Geheimnis des <span class=\"txt-morado\">Outsourcings<\/span><\/strong><\/p>\n\n<\/div>\n<\/div>\n<\/div>\n<\/div>\t\t\t\t\t<\/div>\n\t\t\t\t\t\t<\/div>\n\t\t\t\t<\/div>\n\t\t\t\t\t\t<\/div>\n\t\t\t\t\t<\/div>\n\t\t<\/div>\n\t\t\t\t\t\t\t\t<\/div>\n\t\t\t\t\t<\/div>\n\t\t<\/section>\n\t\t\t\t<section class=\"elementor-section elementor-top-section elementor-element elementor-element-27f9d36f seccion-tiempos-entrega elementor-section-boxed elementor-section-height-default elementor-section-height-default\" data-id=\"27f9d36f\" data-element_type=\"section\">\n\t\t\t\t\t\t<div class=\"elementor-container elementor-column-gap-default\">\n\t\t\t\t\t\t\t<div class=\"elementor-row\">\n\t\t\t\t\t<div class=\"elementor-column elementor-col-66 elementor-top-column elementor-element elementor-element-256d1426 columna-tiempos-texto\" data-id=\"256d1426\" data-element_type=\"column\" data-settings=\"{&quot;background_background&quot;:&quot;classic&quot;}\">\n\t\t\t<div class=\"elementor-column-wrap elementor-element-populated\">\n\t\t\t\t\t\t\t<div class=\"elementor-widget-wrap\">\n\t\t\t\t\t\t<div class=\"elementor-element elementor-element-1676c074 elementor-widget elementor-widget-text-editor\" data-id=\"1676c074\" data-element_type=\"widget\" data-widget_type=\"text-editor.default\">\n\t\t\t\t<div class=\"elementor-widget-container\">\n\t\t\t\t\t\t\t\t<div class=\"elementor-text-editor elementor-clearfix\">\n\t\t\t\t<div class=\"page\" title=\"Seite 1\">\n<div class=\"section\">\n<div class=\"layoutArea\">\n<div class=\"column\">\n<p><strong>\u201eOptimieren Sie Ihre Ressourcen, sparen Sie Zeit, jetzt Geld, und verabschieden Sie sich von Engp\u00e4ssen, indem Sie Ihre Markteinf\u00fchrungszeit verk\u00fcrzen.\u201c<\/strong><\/p>\n<\/div>\n<\/div>\n<\/div>\n<\/div>\n\t\t\t\t\t<\/div>\n\t\t\t\t\t\t<\/div>\n\t\t\t\t<\/div>\n\t\t\t\t<div class=\"elementor-element elementor-element-3683adc elementor-widget elementor-widget-text-editor\" data-id=\"3683adc\" data-element_type=\"widget\" data-widget_type=\"text-editor.default\">\n\t\t\t\t<div class=\"elementor-widget-container\">\n\t\t\t\t\t\t\t\t<div class=\"elementor-text-editor elementor-clearfix\">\n\t\t\t\t<div class=\"page\" title=\"Seite 1\">\n<div class=\"section\">\n<div class=\"layoutArea\">\n<div class=\"column\">\n<p>Sie m\u00f6chten die Aufmerksamkeit des Betrachters fesseln und mit Ihren Bildern die richtige Botschaft vermitteln? Konzentrieren Sie sich auf das Wesentliche, wir k\u00fcmmern uns um den Rest.<\/p>\n<\/div>\n<\/div>\n<\/div>\n<\/div>\n\t\t\t\t\t<\/div>\n\t\t\t\t\t\t<\/div>\n\t\t\t\t<\/div>\n\t\t\t\t<div class=\"elementor-element elementor-element-541b7f4 elementor-widget elementor-widget-text-editor\" data-id=\"541b7f4\" data-element_type=\"widget\" data-widget_type=\"text-editor.default\">\n\t\t\t\t<div class=\"elementor-widget-container\">\n\t\t\t\t\t\t\t\t<div class=\"elementor-text-editor elementor-clearfix\">\n\t\t\t\t<div class=\"page\" title=\"Seite 1\">\n<div class=\"section\">\n<div class=\"layoutArea\">\n<div class=\"column\">\n<p>Wir wissen, dass es Zeiten gibt, in denen die Produktion ein langwieriger Prozess sein kann, der uns das Gef\u00fchl gibt, dass wir keine Fortschritte machen. Sparen Sie Zeit und nutzen Sie sie f\u00fcr den Teil der Arbeit, der wirklich wichtig ist. <\/p>\n<\/div>\n<\/div>\n<\/div>\n<\/div>\n\t\t\t\t\t<\/div>\n\t\t\t\t\t\t<\/div>\n\t\t\t\t<\/div>\n\t\t\t\t\t\t<\/div>\n\t\t\t\t\t<\/div>\n\t\t<\/div>\n\t\t\t\t<div class=\"elementor-column elementor-col-33 elementor-top-column elementor-element elementor-element-3790ef89 tiempos-column-foto\" data-id=\"3790ef89\" data-element_type=\"column\" data-settings=\"{&quot;background_background&quot;:&quot;classic&quot;}\">\n\t\t\t<div class=\"elementor-column-wrap elementor-element-populated\">\n\t\t\t\t\t\t\t<div class=\"elementor-widget-wrap\">\n\t\t\t\t\t\t<div class=\"elementor-element elementor-element-b313d2d elementor-widget elementor-widget-image\" data-id=\"b313d2d\" data-element_type=\"widget\" data-widget_type=\"image.default\">\n\t\t\t\t<div class=\"elementor-widget-container\">\n\t\t\t\t\t\t\t\t<div class=\"elementor-image\">\n\t\t\t\t\t\t\t\t\t\t\t\t<img loading=\"lazy\" decoding=\"async\" width=\"402\" height=\"402\" src=\"https:\/\/proretoque.photo\/wp-content\/uploads\/2024\/06\/externalizar.jpg\" class=\"attachment-large size-large\" alt=\"\" srcset=\"https:\/\/proretoque.photo\/wp-content\/uploads\/2024\/06\/externalizar.jpg 402w, https:\/\/proretoque.photo\/wp-content\/uploads\/2024\/06\/externalizar-300x300.jpg 300w, https:\/\/proretoque.photo\/wp-content\/uploads\/2024\/06\/externalizar-150x150.jpg 150w\" sizes=\"auto, (max-width: 402px) 100vw, 402px\" \/>\t\t\t\t\t\t\t\t\t\t\t\t\t\t<\/div>\n\t\t\t\t\t\t<\/div>\n\t\t\t\t<\/div>\n\t\t\t\t\t\t<\/div>\n\t\t\t\t\t<\/div>\n\t\t<\/div>\n\t\t\t\t\t\t\t\t<\/div>\n\t\t\t\t\t<\/div>\n\t\t<\/section>\n\t\t\t\t<section class=\"elementor-section elementor-top-section elementor-element elementor-element-3e8930fa elementor-section-boxed elementor-section-height-default elementor-section-height-default\" data-id=\"3e8930fa\" data-element_type=\"section\">\n\t\t\t\t\t\t<div class=\"elementor-container elementor-column-gap-default\">\n\t\t\t\t\t\t\t<div class=\"elementor-row\">\n\t\t\t\t\t<div class=\"elementor-column elementor-col-100 elementor-top-column elementor-element elementor-element-a6f40f0\" data-id=\"a6f40f0\" data-element_type=\"column\">\n\t\t\t<div class=\"elementor-column-wrap elementor-element-populated\">\n\t\t\t\t\t\t\t<div class=\"elementor-widget-wrap\">\n\t\t\t\t\t\t<div class=\"elementor-element elementor-element-60377a26 elementor-widget elementor-widget-text-editor\" data-id=\"60377a26\" data-element_type=\"widget\" data-widget_type=\"text-editor.default\">\n\t\t\t\t<div class=\"elementor-widget-container\">\n\t\t\t\t\t\t\t\t<div class=\"elementor-text-editor elementor-clearfix\">\n\t\t\t\t<p class=\"p1\"><strong><span class=\"txt-morado\">Als?<\/span> Etwas so Einfaches wie die Auslagerung Ihres Prozesses<\/strong><\/p>\n\t\t\t\t\t<\/div>\n\t\t\t\t\t\t<\/div>\n\t\t\t\t<\/div>\n\t\t\t\t<div class=\"elementor-element elementor-element-5766422b elementor-widget elementor-widget-image\" data-id=\"5766422b\" data-element_type=\"widget\" data-widget_type=\"image.default\">\n\t\t\t\t<div class=\"elementor-widget-container\">\n\t\t\t\t\t\t\t\t<div class=\"elementor-image\">\n\t\t\t\t\t\t\t\t\t\t\t\t<img loading=\"lazy\" decoding=\"async\" width=\"12503\" height=\"8268\" src=\"https:\/\/proretoque.photo\/wp-content\/uploads\/2024\/06\/INFOGRAFI\u0301A-EXTERNALIZACIO\u0301N-copia.png\" class=\"attachment-full size-full\" alt=\"\" srcset=\"https:\/\/proretoque.photo\/wp-content\/uploads\/2024\/06\/INFOGRAFI\u0301A-EXTERNALIZACIO\u0301N-copia.png 12503w, https:\/\/proretoque.photo\/wp-content\/uploads\/2024\/06\/INFOGRAFI\u0301A-EXTERNALIZACIO\u0301N-copia-300x198.png 300w, https:\/\/proretoque.photo\/wp-content\/uploads\/2024\/06\/INFOGRAFI\u0301A-EXTERNALIZACIO\u0301N-copia-1024x677.png 1024w, https:\/\/proretoque.photo\/wp-content\/uploads\/2024\/06\/INFOGRAFI\u0301A-EXTERNALIZACIO\u0301N-copia-768x508.png 768w\" sizes=\"auto, (max-width: 12503px) 100vw, 12503px\" \/>\t\t\t\t\t\t\t\t\t\t\t\t\t\t<\/div>\n\t\t\t\t\t\t<\/div>\n\t\t\t\t<\/div>\n\t\t\t\t\t\t<\/div>\n\t\t\t\t\t<\/div>\n\t\t<\/div>\n\t\t\t\t\t\t\t\t<\/div>\n\t\t\t\t\t<\/div>\n\t\t<\/section>\n\t\t\t\t<section class=\"elementor-section elementor-top-section elementor-element elementor-element-556130a9 elementor-section-boxed elementor-section-height-default elementor-section-height-default\" data-id=\"556130a9\" data-element_type=\"section\">\n\t\t\t\t\t\t\t<div class=\"elementor-background-overlay\"><\/div>\n\t\t\t\t\t\t\t<div class=\"elementor-container elementor-column-gap-default\">\n\t\t\t\t\t\t\t<div class=\"elementor-row\">\n\t\t\t\t\t<div class=\"elementor-column elementor-col-100 elementor-top-column elementor-element elementor-element-495c03ee\" data-id=\"495c03ee\" data-element_type=\"column\">\n\t\t\t<div class=\"elementor-column-wrap elementor-element-populated\">\n\t\t\t\t\t\t\t<div class=\"elementor-widget-wrap\">\n\t\t\t\t\t\t<div class=\"elementor-element elementor-element-6251c83f elementor-widget elementor-widget-text-editor\" data-id=\"6251c83f\" data-element_type=\"widget\" data-widget_type=\"text-editor.default\">\n\t\t\t\t<div class=\"elementor-widget-container\">\n\t\t\t\t\t\t\t\t<div class=\"elementor-text-editor elementor-clearfix\">\n\t\t\t\t<p class=\"p1\"><strong>Wenn Sie Fragen haben, z\u00f6gern Sie nicht, uns zu kontaktieren.<\/strong><\/p>\n\t\t\t\t\t<\/div>\n\t\t\t\t\t\t<\/div>\n\t\t\t\t<\/div>\n\t\t\t\t<div class=\"elementor-element elementor-element-4e260996 elementor-widget elementor-widget-text-editor\" data-id=\"4e260996\" data-element_type=\"widget\" data-widget_type=\"text-editor.default\">\n\t\t\t\t<div class=\"elementor-widget-container\">\n\t\t\t\t\t\t\t\t<div class=\"elementor-text-editor elementor-clearfix\">\n\t\t\t\t<p class=\"p1\"><strong>Wir erkl\u00e4ren, wie wir arbeiten, unsere Qualit\u00e4tsstandards und wie wir gemeinsam wachsen k\u00f6nnen!<\/strong><\/p>\n\t\t\t\t\t<\/div>\n\t\t\t\t\t\t<\/div>\n\t\t\t\t<\/div>\n\t\t\t\t\t\t<\/div>\n\t\t\t\t\t<\/div>\n\t\t<\/div>\n\t\t\t\t\t\t\t\t<\/div>\n\t\t\t\t\t<\/div>\n\t\t<\/section>\n\t\t\t\t<section class=\"elementor-section elementor-top-section elementor-element elementor-element-1fe89c8e elementor-section-boxed elementor-section-height-default elementor-section-height-default\" data-id=\"1fe89c8e\" data-element_type=\"section\">\n\t\t\t\t\t\t\t<div class=\"elementor-background-overlay\"><\/div>\n\t\t\t\t\t\t\t<div class=\"elementor-container elementor-column-gap-default\">\n\t\t\t\t\t\t\t<div class=\"elementor-row\">\n\t\t\t\t\t<div class=\"elementor-column elementor-col-100 elementor-top-column elementor-element elementor-element-3ff3b47a\" data-id=\"3ff3b47a\" data-element_type=\"column\">\n\t\t\t<div class=\"elementor-column-wrap elementor-element-populated\">\n\t\t\t\t\t\t\t<div class=\"elementor-widget-wrap\">\n\t\t\t\t\t\t<div class=\"elementor-element elementor-element-13fb7060 elementor-align-center elementor-widget elementor-widget-button\" data-id=\"13fb7060\" data-element_type=\"widget\" data-widget_type=\"button.default\">\n\t\t\t\t<div class=\"elementor-widget-container\">\n\t\t\t\t\t<div class=\"elementor-button-wrapper\">\n\t\t\t<a href=\"https:\/\/proretoque.photo\/clientes\/user\/registration\" class=\"elementor-button-link elementor-button elementor-size-sm\" role=\"button\">\n\t\t\t\t\t\t<span class=\"elementor-button-content-wrapper\">\n\t\t\t\t\t\t<span class=\"elementor-button-text\">REGISTRIEREN SIE SICH AUF UNSERER PLATTFORM.<\/span>\n\t\t<\/span>\n\t\t\t\t\t<\/a>\n\t\t<\/div>\n\t\t\t\t<\/div>\n\t\t\t\t<\/div>\n\t\t\t\t\t\t<\/div>\n\t\t\t\t\t<\/div>\n\t\t<\/div>\n\t\t\t\t\t\t\t\t<\/div>\n\t\t\t\t\t<\/div>\n\t\t<\/section>\n\t\t\t\t\t\t<\/div>\n\t\t\t\t\t\t<\/div>\n\t\t\t\t\t<\/div>\n\t\t","protected":false},"excerpt":{"rendered":"<p class=\"excerpt\">Das Geheimnis des Outsourcings \u201eOptimieren Sie Ihre Ressourcen, sparen Sie Zeit, jetzt Geld, und verabschieden Sie sich von Engp\u00e4ssen, indem Sie Ihre Markteinf\u00fchrungszeit verk\u00fcrzen.\u201c Sie m\u00f6chten die Aufmerksamkeit des Betrachters fesseln und mit Ihren Bildern die richtige Botschaft vermitteln? Konzentrieren Sie sich auf das Wesentliche, wir k\u00fcmmern uns um den Rest. Wir wissen, dass es [&hellip;]<\/p>\n","protected":false},"author":1,"featured_media":0,"parent":0,"menu_order":1,"comment_status":"closed","ping_status":"closed","template":"template-blank.php","meta":{"footnotes":""},"class_list":["post-21337","page","type-page","status-publish","hentry"],"_links":{"self":[{"href":"https:\/\/proretoque.photo\/de\/wp-json\/wp\/v2\/pages\/21337","targetHints":{"allow":["GET"]}}],"collection":[{"href":"https:\/\/proretoque.photo\/de\/wp-json\/wp\/v2\/pages"}],"about":[{"href":"https:\/\/proretoque.photo\/de\/wp-json\/wp\/v2\/types\/page"}],"author":[{"embeddable":true,"href":"https:\/\/proretoque.photo\/de\/wp-json\/wp\/v2\/users\/1"}],"replies":[{"embeddable":true,"href":"https:\/\/proretoque.photo\/de\/wp-json\/wp\/v2\/comments?post=21337"}],"version-history":[{"count":4,"href":"https:\/\/proretoque.photo\/de\/wp-json\/wp\/v2\/pages\/21337\/revisions"}],"predecessor-version":[{"id":28606,"href":"https:\/\/proretoque.photo\/de\/wp-json\/wp\/v2\/pages\/21337\/revisions\/28606"}],"wp:attachment":[{"href":"https:\/\/proretoque.photo\/de\/wp-json\/wp\/v2\/media?parent=21337"}],"curies":[{"name":"wp","href":"https:\/\/api.w.org\/{rel}","templated":true}]}}