{"id":28740,"date":"2020-06-29T18:19:50","date_gmt":"2020-06-29T16:19:50","guid":{"rendered":"https:\/\/proretoque.photo\/disclaimer\/"},"modified":"2025-10-28T01:37:33","modified_gmt":"2025-10-28T00:37:33","slug":"disclaimer","status":"publish","type":"page","link":"https:\/\/proretoque.photo\/de\/disclaimer\/","title":{"rendered":"RECHTLICHER HINWEIS"},"content":{"rendered":"\t\t<div data-elementor-type=\"wp-page\" data-elementor-id=\"28740\" class=\"elementor elementor-28740 elementor-1197\" data-elementor-settings=\"[]\">\n\t\t\t\t\t\t<div class=\"elementor-inner\">\n\t\t\t\t\t\t\t<div class=\"elementor-section-wrap\">\n\t\t\t\t\t\t\t<section class=\"elementor-section elementor-top-section elementor-element elementor-element-3d7aaf4f elementor-section-boxed elementor-section-height-default elementor-section-height-default\" data-id=\"3d7aaf4f\" data-element_type=\"section\">\n\t\t\t\t\t\t<div class=\"elementor-container elementor-column-gap-default\">\n\t\t\t\t\t\t\t<div class=\"elementor-row\">\n\t\t\t\t\t<div class=\"elementor-column elementor-col-100 elementor-top-column elementor-element elementor-element-75ac7c44\" data-id=\"75ac7c44\" data-element_type=\"column\">\n\t\t\t<div class=\"elementor-column-wrap elementor-element-populated\">\n\t\t\t\t\t\t\t<div class=\"elementor-widget-wrap\">\n\t\t\t\t\t\t<div class=\"elementor-element elementor-element-62507a40 elementor-widget elementor-widget-text-editor\" data-id=\"62507a40\" data-element_type=\"widget\" data-widget_type=\"text-editor.default\">\n\t\t\t\t<div class=\"elementor-widget-container\">\n\t\t\t\t\t\t\t\t<div class=\"elementor-text-editor elementor-clearfix\">\n\t\t\t\t<p><strong> <\/strong><\/p>\n<h4><strong> RECHTLICHER HINWEIS<\/strong><\/h4>\n<h4><strong> <\/strong><\/h4>\n<h4><strong style=\"font-size: 1.5rem;\"> 1.- IDENTIFIKATIONSDATEN<\/strong><\/h4>\n<div><strong> <\/strong><\/div>\n<p><\/p>\n<p><\/p>\n<p>In \u00dcbereinstimmung mit der Informationspflicht gem\u00e4\u00df dem Gesetz 34\/2002 vom 11. Juli \u00fcber die Dienste der Informationsgesellschaft und des elektronischen Gesch\u00e4ftsverkehrs informieren wir Sie \u00fcber:<\/p>\n<p><\/p>\n<p><\/p>\n<ul>\n<li>Fotoretoque S.L., ist ein Unternehmen spezialisiert auf <strong>digitale Bildbearbeitung.<\/strong><\/li>\n<li>Fotoretoque S.L. ist im Handelsregister von Madrid eingetragen. Band 30.155 Folio 97 Abschnitt 8 Blatt M542756 <\/li>\n<li>Fotoretoque S.L mit C.I.F: B86524568, ist eine Gesellschaft mit Sitz in der Calle Martinez Izquierdo, 80 Bajo, &#8211; 28014 Madrid, und ist derzeit verantwortlich f\u00fcr den <strong>Betrieb, die Verwaltung und den Betrieb<\/strong> der Website <a href=\"http:\/\/proretoque.photo\">www.proretoque,<\/a><\/li>\n<li>Weitere Kontaktdaten, die wir zur Verf\u00fcgung stellen: admin@proretoque.photo<\/li>\n<li> <\/li>\n<\/ul>\n<p><\/p>\n<p><\/p>\n<p><\/p>\n<p><\/p>\n<h4><strong>2.- BENUTZER<\/strong><\/h4>\n<div><strong> <\/strong><\/div>\n<p><\/p>\n<p><\/p>\n<p>Der Zugang und\/oder die Nutzung dieses Portals verleiht Ihnen den Status eines <strong>BENUTZERS<\/strong>, der durch diesen Zugang und\/oder die Nutzung die hier dargelegten Allgemeinen Nutzungsbedingungen akzeptiert. Die genannten Bedingungen gelten unabh\u00e4ngig von den Allgemeinen Gesch\u00e4ftsbedingungen, die gegebenenfalls <strong>verbindlich sind.<\/strong> <\/p>\n<p> <\/p>\n<p><\/p>\n<p><\/p>\n<h4><strong> <\/strong><\/h4>\n<h4><strong>3.- NUTZUNG DES PORTALS<\/strong><\/h4>\n<div><strong> <\/strong><\/div>\n<p><\/p>\n<p><\/p>\n<p>www.proretoque.photo bietet Zugang zu einer Vielzahl von Produkten, Dienstleistungen oder Daten <em>(im Folgenden &#8222;die Inhalte&#8220;)<\/em> im Internet, die Fotoretoque S.L. oder Dritten geh\u00f6ren, auf die der BENUTZER zugreifen kann. Der BENUTZER \u00fcbernimmt die Verantwortung f\u00fcr die Nutzung des Portals. Diese Haftung erstreckt sich auf die Registrierung, die f\u00fcr den Zugriff auf bestimmte Dienste oder Inhalte erforderlich ist. Bei einer solchen Registrierung ist der BENUTZER f\u00fcr die Bereitstellung <strong>wahrheitsgetreuer und rechtm\u00e4\u00dfiger<\/strong> Informationen verantwortlich. . Als Folge dieser Registrierung kann dem BENUTZER ein Passwort zur Verf\u00fcgung gestellt werden, f\u00fcr das er verantwortlich ist und sich verpflichtet, es gewissenhaft und vertraulich zu verwenden. Der BENUTZER verpflichtet sich, die von Fotoretoque S.L. \u00fcber sein Portal angebotenen Inhalte und Dienstleistungen angemessen zu nutzen und sie nicht<strong> zu verwenden, <\/strong>um:     <\/p>\n<p><\/p>\n<p><\/p>\n<ul>\n<li>Unrechtm\u00e4\u00dfige, illegale oder gegen den guten Glauben und die \u00f6ffentliche Ordnung versto\u00dfende Handlungen.<\/li>\n<li>Verbreitung von Inhalten oder Propaganda rassistischer, fremdenfeindlicher, pornografischer, terroristischer oder menschenverletzender Natur.<\/li>\n<li>Besch\u00e4digung der physischen und logischen Systeme von Fotoretoque S.L. seiner Lieferanten oder Dritter, Einf\u00fchrung oder Verbreitung von Computerviren im Netzwerk oder andere physische oder logische Systeme, die geeignet sind, die oben genannten Sch\u00e4den zu verursachen.<\/li>\n<li>Versuchen, auf die E-Mail-Konten anderer Nutzer zuzugreifen und diese zu nutzen sowie deren Nachrichten zu \u00e4ndern oder zu manipulieren.<\/li>\n<\/ul>\n<p><\/p>\n<p><\/p>\n<p>Fotoretoque S.L. beh\u00e4lt sich das Recht vor, <strong>alle Kommentare und Beitr\u00e4ge zu entfernen,<\/strong> die gegen die W\u00fcrde der Person versto\u00dfen, diskriminierend, fremdenfeindlich, rassistisch, pornographisch sind, die Jugend oder Kindheit, die \u00f6ffentliche Ordnung oder Sicherheit verletzen oder ihrer Meinung nach nicht f\u00fcr die Ver\u00f6ffentlichung geeignet sind. In jedem Fall haftet die Fotoretoque S.L. <strong>nicht, innerhalb der gesetzlich <\/strong>festgelegten Grenzen, f\u00fcr die Meinungen, <strong>die von den Benutzern<\/strong> auf ihrer Website \u00fcber ein Mitwirkungstool abgegeben werden. <\/p>\n<p> <\/p>\n<p> <\/p>\n<p><\/p>\n<p><\/p>\n<h4><strong>4.- GEISTIGES EIGENTUM UND PORTAL<\/strong><\/h4>\n<div><strong> <\/strong><\/div>\n<p><\/p>\n<p><\/p>\n<p><strong>1. <\/strong>Alle Kennzeichen, Marken, Handelsnamen, Inhalte, Struktur, Das Design und die Pr\u00e4sentation der Elemente und alle anderen Informationen, die auf dieser Website erscheinen, sind Eigentum von Fotoretoque S.L. als solcher oder als \u00dcbernehmer und werden durch gewerbliche und geistige Eigentumsrechte gesch\u00fctzt.<\/p>\n<p><\/p>\n<p><\/p>\n<p><strong>2<\/strong>. Dem Benutzer <strong>ist die Vervielf\u00e4ltigung,<\/strong> Umwandlung, Verteilung, \u00f6ffentliche Kommunikation und generell jede andere Form der Verwertung der im vorstehenden Absatz genannten Elemente ohne ausdr\u00fcckliche Genehmigung von Fotoretoque S.L.<\/p>\n<p><\/p>\n<p><\/p>\n<p><strong>3.<\/strong> Der Nutzer darf keine Mittel verwenden, die jegliche Schutzvorrichtungen oder Sicherheitssysteme unterdr\u00fccken, ver\u00e4ndern, umgehen oder manipulieren k\u00f6nnen, die installiert sind und die eine Gefahr oder Besch\u00e4digung oder Unbrauchbarkeit der Website und\/oder ihrer Inhalte darstellen.<\/p>\n<p><\/p>\n<p><\/p>\n<p><strong>4. <\/strong>Fotoretoque S.L. ist nicht verantwortlich f\u00fcr die m\u00f6gliche<strong> unangemessene Nutzung<\/strong> dieser Website durch Dritte oder f\u00fcr die Informationen, die sie \u00fcber diese Website an Dritte weitergeben. Die Nutzung der Inhalte durch den Benutzer und die eventuellen Folgen, Sch\u00e4den oder Nachteile, die daraus entstehen k\u00f6nnen, liegen in der alleinigen Verantwortung des Benutzers.Fotoretoque S.L. ist f\u00fcr Sch\u00e4den jeglicher Art ausgeschlossen, die den Benutzern durch die Verwendung von Links (Links), Verzeichnissen und Suchwerkzeugen verursacht werden, die es den Benutzern erm\u00f6glichen, auf Websites zuzugreifen, die Eigentum und\/oder von Dritten verwaltet werden, sowie auf das Vorhandensein von Viren oder anderen b\u00f6sartigen Codes in den Inhalten, die Sch\u00e4den jeglicher Art im Computersystem, elektronischen Dokumenten oder Dateien der Benutzer verursachen k\u00f6nnen. Fotoretoque S.L. beh\u00e4lt sich das Recht vor, rechtliche Schritte einzuleiten, die sich aus der rechtswidrigen Nutzung der Inhalte seiner Website durch Dritte ergeben.   <\/p>\n<p> <\/p>\n<p><\/p>\n<p><\/p>\n<h4><strong> <\/strong><\/h4>\n<h4><strong>5.- RECHTE DES BILDES<\/strong><\/h4>\n<div><strong> <\/strong><\/div>\n<p><\/p>\n<p><\/p>\n<p>Die Genehmigung f\u00fcr die Verarbeitung des Bildmaterials, die der Benutzer Fotoretoque S.L. mit der Annahme der Allgemeinen Gesch\u00e4ftsbedingungen erteilt, <strong>bedeutet keine Abtretung von geistigen oder gewerblichen<\/strong> Eigentumsrechten zugunsten von Fotoretoque S.L., Sie beschr\u00e4nkt sich auf die Nachbearbeitung des Bildmaterials gem\u00e4\u00df den vom Benutzer festgelegten Anweisungen. Das Eigentum an den geistigen Eigentumsrechten, die sich aus dem Ergebnis der Umwandlung ergeben, liegt in jedem Fall beim BENUTZER.  <\/p>\n<p><\/p>\n<p><\/p>\n<p>Der BENUTZER <strong>garantiert<\/strong> Fotoretoque S.L. <strong>dass er der Inhaber<\/strong> der geistigen und\/oder gewerblichen Eigentumsrechte ist, die sich aus dem fotografischen Material ergeben, das Gegenstand der Verarbeitung ist, sowie der Bildrechte der Personen, die auf diesen Fotografien erscheinen, oder die vom Inhaber bzw. den Inhabern dieser Rechte eine entsprechende Genehmigung erhalten hat, um ihre Umwandlung durch das Unternehmen in Auftrag zu geben. Dementsprechend entbindet der BENUTZER Fotoretoque S.L. von jeglicher Haftung, die sich aus der  <strong>Anspruch eines Dritten in Bezug auf<\/strong> mit der vorgenommenen Verarbeitung sowie in Bezug auf die geistigen oder gewerblichen Eigentumsrechte dieses fotografischen Materials und in Bezug auf die Bildrechte der Personen, die auf den Fotografien erscheinen, die Gegenstand der vertraglichen Dienstleistungen sind, Der Nutzer haftet direkt f\u00fcr die vollst\u00e4ndige Zahlung des gegebenenfalls geltend gemachten Schadens, <strong>sowie die Gesamtheit der Ausgaben<\/strong> einschlie\u00dflich von Anw\u00e4lten, die Fotoretoque S.L. bei der Bearbeitung solcher Anspr\u00fcche entstehen. <\/p>\n<p> <\/p>\n<p><\/p>\n<p><\/p>\n<h4><strong> <\/strong><\/h4>\n<h4><strong>6.- AUSSCHLUSS VON GARANTIEN UND HAFTUNG<\/strong><\/h4>\n<div><strong> <\/strong><\/div>\n<p><\/p>\n<p><\/p>\n<p>Fotoretoque S.L. haftet in keinem Fall f\u00fcr Sch\u00e4den und Nachteile jeglicher Art, die sich aus folgenden Fehlern oder Auslassungen in den Inhalten ergeben k\u00f6nnen Nichtverf\u00fcgbarkeit des Portals oder die \u00dcbertragung von Viren oder b\u00f6sartigen oder sch\u00e4dlichen Programmen in den Inhalten, obwohl wir alle notwendigen technologischen Ma\u00dfnahmen ergriffen haben, um dies zu verhindern.<\/p>\n<p> <\/p>\n<p><\/p>\n<p><\/p>\n<h4><strong> <\/strong><\/h4>\n<h4><strong>7.- \u00c4NDERUNGEN<\/strong><\/h4>\n<div><strong> <\/strong><\/div>\n<p><\/p>\n<p><\/p>\n<p>Fotoretoque S.L. beh\u00e4lt sich das Recht vor, ohne vorherige Ank\u00fcndigung \u00c4nderungen an seinem Portal vorzunehmen, die Inhalte und Dienstleistungen, die \u00fcber sie bereitgestellt werden, sowie die Art und Weise, in der diese auf ihrem Portal pr\u00e4sentiert oder lokalisiert werden, \u00e4ndern, l\u00f6schen oder hinzuf\u00fcgen k\u00f6nnen.<\/p>\n<p> <\/p>\n<p><\/p>\n<p><\/p>\n<h4><strong> <\/strong><\/h4>\n<h4><strong>8.- LINKS<\/strong><\/h4>\n<div><strong> <\/strong><\/div>\n<p><\/p>\n<p><\/p>\n<p>F\u00fcr den Fall, dass im Namen der Website Links oder <a href=\"http:\/\/blog.proretoque.photo\/\">Hyperlinks<\/a> zu anderen Websites im Internet vorhanden sind, \u00fcbt Fotoretoque S.L. keine Kontrolle \u00fcber diese Websites und Inhalte aus. In keinem Fall \u00fcbernimmt Fotoretoque S.L. irgendeine Verantwortung f\u00fcr die Inhalte eines Links, der zu einer fremden Website geh\u00f6rt, noch garantiert sie die technische Verf\u00fcgbarkeit, Qualit\u00e4t, Zuverl\u00e4ssigkeit, Genauigkeit, Umfang, Richtigkeit, G\u00fcltigkeit und Verfassungsm\u00e4\u00dfigkeit von Materialien oder Informationen, die auf solchen Hyperlinks oder anderen Websites enthalten sind. Ebenso impliziert die Aufnahme dieser externen Verbindungen keine Assoziation, Fusion oder Beteiligung mit den verbundenen Unternehmen.  <\/p>\n<p> <\/p>\n<p><\/p>\n<p><\/p>\n<h4><strong> <\/strong><\/h4>\n<h4><strong>9.- RECHTE AUF AUSSCHLUSS<\/strong><\/h4>\n<div><strong> <\/strong><\/div>\n<p><\/p>\n<p><\/p>\n<p>Fotoretoque S.L. beh\u00e4lt sich das Recht vor, den Zugriff auf das Portal und\/ oder die angebotenen Dienste ohne vorherige Ank\u00fcndigung zu verweigern oder zu entfernen, auf eigenen Antrag oder auf Antrag eines Dritten, f\u00fcr diejenigen Benutzer, die gegen die Allgemeinen Nutzungsbedingungen versto\u00dfen.<\/p>\n<p> <\/p>\n<p><\/p>\n<p><\/p>\n<h4><strong> <\/strong><\/h4>\n<h4><strong>10.- Allgemeine Informationen<\/strong><\/h4>\n<div><strong> <\/strong><\/div>\n<p><\/p>\n<p><\/p>\n<p>Fotoretoque S.L. wird die Nichteinhaltung der Bedingungen sowie jede missbr\u00e4uchliche Nutzung ihres Portals verfolgen, indem sie alle zivil- und strafrechtlichen Schritte einleitet, die ihr rechtlich zustehen.<\/p>\n<p> <\/p>\n<p><\/p>\n<p><\/p>\n<h4><strong> <\/strong><\/h4>\n<h4><strong>11.- \u00c4NDERUNG DIESER BEDINGUNGEN UND DAUER<\/strong><\/h4>\n<div><strong> <\/strong><\/div>\n<p><\/p>\n<p><\/p>\n<p>Fotoretoque S.L. kann die hier festgelegten Bedingungen jederzeit \u00e4ndern, indem sie ordnungsgem\u00e4\u00df ver\u00f6ffentlicht werden, wie sie hier erscheinen.<\/p>\n<p> <\/p>\n<p><\/p>\n<p><\/p>\n<h4><strong> <\/strong><\/h4>\n<h4><strong>12.- ANWENDBARES RECHT UND GERICHTSSTAND<\/strong><\/h4>\n<div><strong> <\/strong><\/div>\n<p><\/p>\n<p><\/p>\n<p>Die Beziehung zwischen Fotoretoque S.L. und dem BENUTZER unterliegt den<strong> geltenden spanischen<\/strong> Rechtsvorschriften. Alle Streitigkeiten werden den spanischen Gerichten und Gerichtsh\u00f6fen oder der Schiedsgerichtsbarkeit vorgelegt, die vom Schiedsgericht der offiziellen Industrie- und Handelskammer von Madrid verwaltet wird, nach Wahl der Parteien.<\/p>\n<p><\/p>\n<p><\/p>\n<p>Aktualisiert am 22. Juni 2020<\/p>\n<p><\/p>\n<p><\/p>\n<p><em>\u00a9 2020 Fotoretoque S.L. Alle Rechte vorbehalten.<\/em><\/p>\n<p><em> <\/em><\/p>\n<p><em> <\/em><\/p>\n<p><em> <\/em><\/p>\n<p><\/p>\t\t\t\t\t<\/div>\n\t\t\t\t\t\t<\/div>\n\t\t\t\t<\/div>\n\t\t\t\t\t\t<\/div>\n\t\t\t\t\t<\/div>\n\t\t<\/div>\n\t\t\t\t\t\t\t\t<\/div>\n\t\t\t\t\t<\/div>\n\t\t<\/section>\n\t\t\t\t\t\t<\/div>\n\t\t\t\t\t\t<\/div>\n\t\t\t\t\t<\/div>\n\t\t","protected":false},"excerpt":{"rendered":"<p class=\"excerpt\">RECHTLICHER HINWEIS 1.- IDENTIFIKATIONSDATEN In \u00dcbereinstimmung mit der Informationspflicht gem\u00e4\u00df dem Gesetz 34\/2002 vom 11. Juli \u00fcber die Dienste der Informationsgesellschaft und des elektronischen Gesch\u00e4ftsverkehrs informieren wir Sie \u00fcber: Fotoretoque S.L., ist ein Unternehmen spezialisiert auf digitale Bildbearbeitung. Fotoretoque S.L. ist im Handelsregister von Madrid eingetragen. Band 30.155 Folio 97 Abschnitt 8 Blatt M542756 Fotoretoque [&hellip;]<\/p>\n","protected":false},"author":1,"featured_media":0,"parent":0,"menu_order":15,"comment_status":"closed","ping_status":"closed","template":"template-blank.php","meta":{"footnotes":""},"class_list":["post-28740","page","type-page","status-publish","hentry"],"_links":{"self":[{"href":"https:\/\/proretoque.photo\/de\/wp-json\/wp\/v2\/pages\/28740","targetHints":{"allow":["GET"]}}],"collection":[{"href":"https:\/\/proretoque.photo\/de\/wp-json\/wp\/v2\/pages"}],"about":[{"href":"https:\/\/proretoque.photo\/de\/wp-json\/wp\/v2\/types\/page"}],"author":[{"embeddable":true,"href":"https:\/\/proretoque.photo\/de\/wp-json\/wp\/v2\/users\/1"}],"replies":[{"embeddable":true,"href":"https:\/\/proretoque.photo\/de\/wp-json\/wp\/v2\/comments?post=28740"}],"version-history":[{"count":1,"href":"https:\/\/proretoque.photo\/de\/wp-json\/wp\/v2\/pages\/28740\/revisions"}],"predecessor-version":[{"id":28741,"href":"https:\/\/proretoque.photo\/de\/wp-json\/wp\/v2\/pages\/28740\/revisions\/28741"}],"wp:attachment":[{"href":"https:\/\/proretoque.photo\/de\/wp-json\/wp\/v2\/media?parent=28740"}],"curies":[{"name":"wp","href":"https:\/\/api.w.org\/{rel}","templated":true}]}}