{"id":28694,"date":"2020-06-29T18:19:50","date_gmt":"2020-06-29T16:19:50","guid":{"rendered":"https:\/\/proretoque.photo\/avviso-legale\/"},"modified":"2025-10-27T12:06:51","modified_gmt":"2025-10-27T11:06:51","slug":"avviso-legale","status":"publish","type":"page","link":"https:\/\/proretoque.photo\/it\/avviso-legale\/","title":{"rendered":"AVVISO LEGALE"},"content":{"rendered":"\t\t<div data-elementor-type=\"wp-page\" data-elementor-id=\"28694\" class=\"elementor elementor-28694 elementor-1197\" data-elementor-settings=\"[]\">\n\t\t\t\t\t\t<div class=\"elementor-inner\">\n\t\t\t\t\t\t\t<div class=\"elementor-section-wrap\">\n\t\t\t\t\t\t\t<section class=\"elementor-section elementor-top-section elementor-element elementor-element-3d7aaf4f elementor-section-boxed elementor-section-height-default elementor-section-height-default\" data-id=\"3d7aaf4f\" data-element_type=\"section\">\n\t\t\t\t\t\t<div class=\"elementor-container elementor-column-gap-default\">\n\t\t\t\t\t\t\t<div class=\"elementor-row\">\n\t\t\t\t\t<div class=\"elementor-column elementor-col-100 elementor-top-column elementor-element elementor-element-75ac7c44\" data-id=\"75ac7c44\" data-element_type=\"column\">\n\t\t\t<div class=\"elementor-column-wrap elementor-element-populated\">\n\t\t\t\t\t\t\t<div class=\"elementor-widget-wrap\">\n\t\t\t\t\t\t<div class=\"elementor-element elementor-element-62507a40 elementor-widget elementor-widget-text-editor\" data-id=\"62507a40\" data-element_type=\"widget\" data-widget_type=\"text-editor.default\">\n\t\t\t\t<div class=\"elementor-widget-container\">\n\t\t\t\t\t\t\t\t<div class=\"elementor-text-editor elementor-clearfix\">\n\t\t\t\t<p><strong> <\/strong><\/p>\n<h4><strong> AVVISO LEGALE<\/strong><\/h4>\n<h4><strong> <\/strong><\/h4>\n<h4><strong style=\"font-size: 1.5rem;\"> 1.- DATI IDENTIFICATIVI<\/strong><\/h4>\n<div><strong> <\/strong><\/div>\n<p><\/p>\n<p><\/p>\n<p>In conformit\u00e0 con l&#8217;obbligo di informazione previsto dalla legge 34\/2002, dell&#8217;11 luglio, dei servizi della societ\u00e0 dell&#8217;informazione e del commercio elettronico, ti informiamo:<\/p>\n<p><\/p>\n<p><\/p>\n<ul>\n<li>Fotoretoque S.L., \u00e8 un&#8217;azienda dedicata al <strong>ritocco digitale di immagini.<\/strong><\/li>\n<li>Fotoretoque S.L. \u00e8 iscritta al Registro delle imprese di Madrid. Tomo 30.155 Foglio 97 Sezione 8 Foglio M542756 <\/li>\n<li>Fotoretoque S.L con C.I.F: B86524568, \u00e8 una societ\u00e0 domiciliata ai fini delle presenti informazioni in Calle Martinez Izquierdo, 80 Bajo, &#8211; 28014 Madrid, ed \u00e8 attualmente responsabile della <strong>gestione, gestione e funzionamento<\/strong> del sito <a href=\"http:\/\/proretoque.photo\">web www.proretoque,<\/a><\/li>\n<li>Altri dati di contatto che mettiamo a disposizione: admin@proretoque.photo<\/li>\n<li> <\/li>\n<\/ul>\n<p><\/p>\n<p><\/p>\n<p><\/p>\n<p><\/p>\n<h4><strong>2.- UTENTI<\/strong><\/h4>\n<div><strong> <\/strong><\/div>\n<p><\/p>\n<p><\/p>\n<p>L&#8217;accesso e\/o l&#8217;uso di questo portale gli attribuisce la condizione di <strong>UTENTE,<\/strong> che accetta, da tale accesso e\/o utilizzo, le Condizioni Generali d&#8217;Uso qui riflesse. Le suddette Condizioni saranno applicabili indipendentemente dalle Condizioni Generali di Contratto che, in ogni caso, <strong>risultino vincolanti.<\/strong> <\/p>\n<p> <\/p>\n<p><\/p>\n<p><\/p>\n<h4><strong> <\/strong><\/h4>\n<h4><strong>3.- USO DEL PORTALE<\/strong><\/h4>\n<div><strong> <\/strong><\/div>\n<p><\/p>\n<p><\/p>\n<p>www.proretoque.photo fornisce l&#8217;accesso a una moltitudine di prodotti, servizi o dati <em>(di seguito &#8220;i contenuti&#8221;)<\/em> su Internet appartenenti a Fotoretoque S.L. o a terzi ai quali l&#8217;UTENTE pu\u00f2 avere accesso. L&#8217;UTENTE si assume la responsabilit\u00e0 dell&#8217;utilizzo del portale. Tale responsabilit\u00e0 si estende alla registrazione necessaria per accedere a determinati servizi o contenuti. In tale registrazione l&#8217;UTENTE sar\u00e0 responsabile di fornire informazioni <strong>veritiere e lecite.<\/strong> Come conseguenza di questa registrazione, all&#8217;UTENTE pu\u00f2 essere fornita una password di cui sar\u00e0 responsabile, impegnandosi a farne un uso diligente e confidenziale. L&#8217;UTENTE si impegna a fare un uso adeguato dei contenuti e servizi che Fotoretoque S.L. offre attraverso il suo portale e, a titolo esemplificativo ma non limitativo, a<strong> non utilizzarli <\/strong>per:     <\/p>\n<p><\/p>\n<p><\/p>\n<ul>\n<li>Commettere atti illeciti, illegali o contrari alla buona fede e all&#8217;ordine pubblico.<\/li>\n<li>Diffondere contenuti o propaganda di carattere razzista, xenofobo, pornografico illegale, d&#8217;apologia del terrorismo o attentato contro i diritti umani.<\/li>\n<li>Provocare danni ai sistemi fisici e logici di Fotoretoque S.L. dei suoi fornitori o di terzi, introdurre o diffondere nella rete virus informatici o qualsiasi altro sistema fisico o logico che siano suscettibili di causare i danni sopra menzionati.<\/li>\n<li>Tentare di accedere e, se del caso, utilizzare gli account e-mail di altri utenti e modificare o manipolare i loro messaggi.<\/li>\n<\/ul>\n<p><\/p>\n<p><\/p>\n<p>Fotoretoque S.L. si riserva il diritto<strong> di ritirare tutti i commenti<\/strong> e i contributi che violano il rispetto della dignit\u00e0 della persona, che siano discriminatori, xenofobi, razzisti, pornografici, che attentino alla giovent\u00f9 o all&#8217;infanzia, all&#8217;ordine pubblico o alla sicurezza pubblica o che, a suo giudizio, non sono adatti per la pubblicazione. In ogni caso, Fotoretoque S.L. <strong>non sar\u00e0 responsabile<\/strong>, entro i limiti stabiliti dalla legge, <strong>per le opinioni <\/strong>espresse dagli utenti sul suo sito web attraverso qualsiasi strumento di partecipazione. <\/p>\n<p> <\/p>\n<p> <\/p>\n<p><\/p>\n<p><\/p>\n<h4><strong>4.- PROPRIET\u00c0 INTELLETTUALE E PORTALE<\/strong><\/h4>\n<div><strong> <\/strong><\/div>\n<p><\/p>\n<p><\/p>\n<p><strong>1.<\/strong> Tutti i segni distintivi, marchi, nomi commerciali, contenuti, struttura, design e forma di presentazione degli elementi e qualsiasi altra informazione che appare in questo sito web sono di propriet\u00e0 di Fotoretoque S.L. come tale o come cessionario e sono protetti dai diritti di propriet\u00e0 industriale e intellettuale.<\/p>\n<p><\/p>\n<p><\/p>\n<p><strong>2.<\/strong> L&#8217;utente <strong>ha vietato<\/strong> la riproduzione, trasformazione, distribuzione, comunicazione pubblica e in generale qualsiasi altra forma di sfruttamento degli elementi di cui al paragrafo precedente senza espressa autorizzazione di Fotoretoque S.L.<\/p>\n<p><\/p>\n<p><\/p>\n<p><strong>3. <\/strong>L&#8217;utente si asterr\u00e0 dall&#8217;utilizzare mezzi che possano sopprimere, alterare, eludere o manipolare qualsiasi dispositivo di protezione o sistema di sicurezza eventualmente installato e che comportino un rischio o danno o inutilizzo del sito web e\/o dei suoi contenuti.<\/p>\n<p><\/p>\n<p><\/p>\n<p><strong>4.<\/strong> Fotoretoque S.L. non \u00e8 responsabile dell&#8217;eventuale <strong>uso improprio<\/strong> che terzi fanno di questo sito web, n\u00e9 delle informazioni che trasmettono a terzi. L&#8217;uso dei contenuti che l&#8217;utente pu\u00f2 fare e le eventuali conseguenze, danni o pregiudizi che potrebbero derivare, sono di esclusiva<strong> responsabilit\u00e0 dell&#8217;utente<\/strong>. Fotoretoque S.L. \u00e8 esclusa per i danni di qualsiasi natura causati agli utenti dall&#8217;uso di link (links), directory e strumenti di ricerca, che permettono agli utenti di accedere a siti web posseduti e\/o gestiti da terzi nonch\u00e9 della presenza di virus o altri codici dannosi nei contenuti che possono produrre qualsiasi tipo di danno al sistema informatico, documenti elettronici o file degli utenti. Fotoretoque S.L. si riserva il diritto di esercitare le azioni legali che ritiene opportune derivanti da qualsiasi uso illecito da parte di terzi dei contenuti del suo sito web.   <\/p>\n<p> <\/p>\n<p><\/p>\n<p><\/p>\n<h4><strong> <\/strong><\/h4>\n<h4><strong>5.- DIRITTI DI IMMAGINE<\/strong><\/h4>\n<div><strong> <\/strong><\/div>\n<p><\/p>\n<p><\/p>\n<p>L&#8217;autorizzazione per la trasformazione del materiale fotografico che l&#8217;utente concede a Fotoretoque S.L. con l&#8217;accettazione delle Condizioni Generali di Contratto, <strong>non implica alcuna cessione di diritti<\/strong> di propriet\u00e0 intellettuale o industriale a favore di Fotoretoque S.L., limitandosi ad effettuare la rifinitura di detto materiale fotografico secondo le indicazioni stabilite dall&#8217;utilizzatore. La titolarit\u00e0 dei diritti di propriet\u00e0 intellettuale derivanti dal risultato della trasformazione spetter\u00e0 in ogni caso all&#8217;UTENTE.  <\/p>\n<p><\/p>\n<p><\/p>\n<p>L&#8217;UTENTE <strong>garantisce <\/strong>a Fotoretoque S.L. <strong>di essere il titolare<\/strong> dei diritti di propriet\u00e0 intellettuale e\/o industriale derivanti dal materiale fotografico oggetto del trattamento, nonch\u00e9 dei diritti d&#8217;immagine delle persone che appaiono in tali fotografie, o che ha l&#8217;opportuna autorizzazione del titolare o dei titolari di tali diritti per ordinarne la trasformazione da parte dell&#8217;Azienda. Di conseguenza, l&#8217;UTENTE esonera Fotoretoque S.L. da qualsiasi responsabilit\u00e0 che possa derivare dalla  <strong>reclamo di un terzo in relazione<\/strong> con la trasformazione effettuata, nonch\u00e9 in relazione ai diritti di propriet\u00e0 intellettuale o industriale di detto materiale fotografico e in relazione ai diritti d&#8217;immagine delle persone che appaiono nelle fotografie oggetto dei servizi appaltati, l&#8217;utente deve rispondere direttamente assumendo il pagamento integrale dei danni eventualmente richiesti, <strong>nonch\u00e9 la totalit\u00e0 delle spese<\/strong> compresi gli avvocati, che Fotoretoque S.L. incorre per far fronte a tali reclami. <\/p>\n<p> <\/p>\n<p><\/p>\n<p><\/p>\n<h4><strong> <\/strong><\/h4>\n<h4><strong>6.- ESCLUSIONE DI GARANZIE E RESPONSABILIT\u00c0<\/strong><\/h4>\n<div><strong> <\/strong><\/div>\n<p><\/p>\n<p><\/p>\n<p>Fotoretoque S.L. non \u00e8 responsabile, in nessun caso, per i danni di qualsiasi natura che potrebbero causare, a titolo esemplificativo: errori o omissioni nei contenuti, l&#8217;indisponibilit\u00e0 del portale o la trasmissione di virus o programmi dannosi o dannosi nei contenuti, pur avendo adottato tutte le misure tecnologiche necessarie per impedirlo.<\/p>\n<p> <\/p>\n<p><\/p>\n<p><\/p>\n<h4><strong> <\/strong><\/h4>\n<h4><strong>7.- MODIFICHE<\/strong><\/h4>\n<div><strong> <\/strong><\/div>\n<p><\/p>\n<p><\/p>\n<p>Fotoretoque S.L. si riserva il diritto di apportare senza preavviso le modifiche che ritiene opportune sul suo portale, poter modificare, eliminare o aggiungere sia i contenuti e servizi che si prestano attraverso di essa come il modo in cui questi appaiono presentati o localizzati sul suo portale.<\/p>\n<p> <\/p>\n<p><\/p>\n<p><\/p>\n<h4><strong> <\/strong><\/h4>\n<h4><strong>8.- LINK<\/strong><\/h4>\n<div><strong> <\/strong><\/div>\n<p><\/p>\n<p><\/p>\n<p>Nel caso in cui a nome del sito web siano presenti link o <a href=\"http:\/\/blog.proretoque.photo\/\">collegamenti ipertestuali<\/a> ad altri siti di internet, Fotoretoque S.L. non esercita alcun tipo di controllo su tali siti e contenuti. In nessun caso Fotoretoque S.L. assumer\u00e0 alcuna responsabilit\u00e0 per i contenuti di qualsiasi link appartenente a un sito web esterno, n\u00e9 garantir\u00e0 la disponibilit\u00e0 tecnica, qualit\u00e0, affidabilit\u00e0, accuratezza, l&#8217;ampiezza, la veridicit\u00e0, la validit\u00e0 e la costituzionalit\u00e0 di qualsiasi materiale o informazione contenuta in tali collegamenti ipertestuali o altri siti Internet. Inoltre, l&#8217;inclusione di queste connessioni esterne non implica alcun tipo di associazione, fusione o partecipazione con le entit\u00e0 collegate.  <\/p>\n<p> <\/p>\n<p><\/p>\n<p><\/p>\n<h4><strong> <\/strong><\/h4>\n<h4><strong>9.- DIRITTI DI ESCLUSIONE<\/strong><\/h4>\n<div><strong> <\/strong><\/div>\n<p><\/p>\n<p><\/p>\n<p>Fotoretoque S.L. si riserva il diritto di rifiutare o revocare l&#8217;accesso al portale e\/o ai servizi offerti senza preavviso, su richiesta propria o di terzi, a quegli utenti che violano le Condizioni Generali d&#8217;Uso.<\/p>\n<p> <\/p>\n<p><\/p>\n<p><\/p>\n<h4><strong> <\/strong><\/h4>\n<h4><strong>10.- INFORMAZIONI GENERALI<\/strong><\/h4>\n<div><strong> <\/strong><\/div>\n<p><\/p>\n<p><\/p>\n<p>Fotoretoque S.L. perseguir\u00e0 la violazione delle condizioni e qualsiasi uso improprio del suo portale esercitando tutte le azioni civili e penali che possono spettargli in diritto.<\/p>\n<p> <\/p>\n<p><\/p>\n<p><\/p>\n<h4><strong> <\/strong><\/h4>\n<h4><strong>11.- MODIFICACI\u00d3N DE LAS PRESENTES CONDICIONES Y DURACI\u00d3N<\/strong><\/h4>\n<div><strong> <\/strong><\/div>\n<p><\/p>\n<p><\/p>\n<p>Fotoretoque S.L. potr\u00e0 modificare in qualsiasi momento le condizioni qui stabilite, debitamente pubblicate come appaiono qui.<\/p>\n<p> <\/p>\n<p><\/p>\n<p><\/p>\n<h4><strong> <\/strong><\/h4>\n<h4><strong>12.- LEGGE APPLICABILE E GIURISDIZIONE<\/strong><\/h4>\n<div><strong> <\/strong><\/div>\n<p><\/p>\n<p><\/p>\n<p>Il rapporto tra Fotoretoque S.L. e l&#8217;UTENTE sar\u00e0 regolato dalla <strong>normativa spagnola<\/strong> in vigore e qualsiasi controversia sar\u00e0 sottoposta ai tribunali spagnoli o all&#8217;arbitrato di diritto, amministrato dalla Corte d&#8217;Arbitrato della Camera Ufficiale di Commercio e Industria di Madrid, a scelta delle parti.<\/p>\n<p><\/p>\n<p><\/p>\n<p>Aggiornato al 22 giugno 2020<\/p>\n<p><\/p>\n<p><\/p>\n<p><em>\u00a9 2020 Fotoretoque S.L. Tutti i diritti riservati.<\/em><\/p>\n<p><em> <\/em><\/p>\n<p><em> <\/em><\/p>\n<p><em> <\/em><\/p>\n<p><\/p>\t\t\t\t\t<\/div>\n\t\t\t\t\t\t<\/div>\n\t\t\t\t<\/div>\n\t\t\t\t\t\t<\/div>\n\t\t\t\t\t<\/div>\n\t\t<\/div>\n\t\t\t\t\t\t\t\t<\/div>\n\t\t\t\t\t<\/div>\n\t\t<\/section>\n\t\t\t\t\t\t<\/div>\n\t\t\t\t\t\t<\/div>\n\t\t\t\t\t<\/div>\n\t\t","protected":false},"excerpt":{"rendered":"<p class=\"excerpt\">AVVISO LEGALE 1.- DATI IDENTIFICATIVI In conformit\u00e0 con l&#8217;obbligo di informazione previsto dalla legge 34\/2002, dell&#8217;11 luglio, dei servizi della societ\u00e0 dell&#8217;informazione e del commercio elettronico, ti informiamo: Fotoretoque S.L., \u00e8 un&#8217;azienda dedicata al ritocco digitale di immagini. Fotoretoque S.L. \u00e8 iscritta al Registro delle imprese di Madrid. Tomo 30.155 Foglio 97 Sezione 8 Foglio [&hellip;]<\/p>\n","protected":false},"author":1,"featured_media":0,"parent":0,"menu_order":15,"comment_status":"closed","ping_status":"closed","template":"template-blank.php","meta":{"footnotes":""},"class_list":["post-28694","page","type-page","status-publish","hentry"],"_links":{"self":[{"href":"https:\/\/proretoque.photo\/it\/wp-json\/wp\/v2\/pages\/28694","targetHints":{"allow":["GET"]}}],"collection":[{"href":"https:\/\/proretoque.photo\/it\/wp-json\/wp\/v2\/pages"}],"about":[{"href":"https:\/\/proretoque.photo\/it\/wp-json\/wp\/v2\/types\/page"}],"author":[{"embeddable":true,"href":"https:\/\/proretoque.photo\/it\/wp-json\/wp\/v2\/users\/1"}],"replies":[{"embeddable":true,"href":"https:\/\/proretoque.photo\/it\/wp-json\/wp\/v2\/comments?post=28694"}],"version-history":[{"count":1,"href":"https:\/\/proretoque.photo\/it\/wp-json\/wp\/v2\/pages\/28694\/revisions"}],"predecessor-version":[{"id":28695,"href":"https:\/\/proretoque.photo\/it\/wp-json\/wp\/v2\/pages\/28694\/revisions\/28695"}],"wp:attachment":[{"href":"https:\/\/proretoque.photo\/it\/wp-json\/wp\/v2\/media?parent=28694"}],"curies":[{"name":"wp","href":"https:\/\/api.w.org\/{rel}","templated":true}]}}