{"id":28696,"date":"2020-06-29T18:00:52","date_gmt":"2020-06-29T16:00:52","guid":{"rendered":"https:\/\/proretoque.photo\/termini-e-condizioni-2\/"},"modified":"2025-10-27T12:19:08","modified_gmt":"2025-10-27T11:19:08","slug":"termini-e-condizioni-2","status":"publish","type":"page","link":"https:\/\/proretoque.photo\/it\/termini-e-condizioni-2\/","title":{"rendered":"TERMINI E CONDIZIONI"},"content":{"rendered":"\t\t<div data-elementor-type=\"wp-page\" data-elementor-id=\"28696\" class=\"elementor elementor-28696 elementor-1200\" data-elementor-settings=\"[]\">\n\t\t\t\t\t\t<div class=\"elementor-inner\">\n\t\t\t\t\t\t\t<div class=\"elementor-section-wrap\">\n\t\t\t\t\t\t\t<section class=\"elementor-section elementor-top-section elementor-element elementor-element-68956a34 elementor-section-boxed elementor-section-height-default elementor-section-height-default\" data-id=\"68956a34\" data-element_type=\"section\">\n\t\t\t\t\t\t<div class=\"elementor-container elementor-column-gap-default\">\n\t\t\t\t\t\t\t<div class=\"elementor-row\">\n\t\t\t\t\t<div class=\"elementor-column elementor-col-100 elementor-top-column elementor-element elementor-element-24031def\" data-id=\"24031def\" data-element_type=\"column\">\n\t\t\t<div class=\"elementor-column-wrap elementor-element-populated\">\n\t\t\t\t\t\t\t<div class=\"elementor-widget-wrap\">\n\t\t\t\t\t\t<div class=\"elementor-element elementor-element-15469d97 elementor-widget elementor-widget-text-editor\" data-id=\"15469d97\" data-element_type=\"widget\" data-widget_type=\"text-editor.default\">\n\t\t\t\t<div class=\"elementor-widget-container\">\n\t\t\t\t\t\t\t\t<div class=\"elementor-text-editor elementor-clearfix\">\n\t\t\t\t<p style=\"text-align: left;\"> <\/p>\n<p> <\/p>\n<p> <\/p>\n<p> <\/p>\n<p> <\/p>\n<p><span style=\"color: var( --e-global-color-text ); font-family: var( --e-global-typography-text-font-family ), Sans-serif; font-weight: var( --e-global-typography-text-font-weight ); font-size: 1.5rem;\">Le presenti Condizioni Generali di Contratto (di seguito, le &#8220;Condizioni Generali&#8221;), insieme alle condizioni particolari che possono essere stabilite, regolano le condizioni di acquisto dei servizi di fotoritocco tramite il sito web www.proretoque.photo , (di seguito il &#8220;Sito Web&#8221; o il &#8220;Portale&#8221;), propriet\u00e0 di FOTORETOQUE S.L. (di seguito FOTORETOQUE) con C.I.F: B88094461, iscritta nel registro delle imprese di Madrid. Volume: Libro 0, 37602, foglio 193, sezione 8, foglio M670176 <\/span><\/p>\n<p> <\/p>\n<p><\/p>\n<p><\/p>\n<h4><strong>1.- OGGETTO E GENERALIT\u00c0 <\/strong><\/h4>\n<div><strong> <\/strong><\/div>\n<p><\/p>\n<p><\/p>\n<p>L&#8217;utilizzo dei servizi del sito web, cos\u00ec come l&#8217;acquisto di uno qualsiasi dei servizi di fotoritocco offerti, implica l&#8217;accettazione da parte dell&#8217;Utente delle presenti Condizioni Generali. La registrazione al Portale e l&#8217;utilizzo dei servizi di fotoritocco comporta che i suoi dati come Utente diventeranno parte dei file di <strong>proretoque.photo<\/strong> e il loro trattamento sar\u00e0 conforme a quanto previsto nella Politica sulla Privacy, che l&#8217;Utente dichiara espressamente di conoscere e accettare. <\/p>\n<p><\/p>\n<p><\/p>\n<p>Le presenti Condizioni Generali si applicano ai consumatori e agli utenti definiti come tali nella legislazione applicabile.<\/p>\n<p><\/p>\n<p><\/p>\n<p>Proretoque.photo si riserva il diritto di modificare, in qualsiasi momento e senza preavviso, la presentazione e la configurazione del sito web, nonch\u00e9 le Condizioni Generali. Gli utenti avranno sempre a disposizione le presenti Condizioni Generali in un sito visibile, liberamente accessibile per tutte le consultazioni che desiderano effettuare. Gli utenti si impegnano a leggere attentamente le presenti Condizioni Generali ogni volta che accedono al negozio del Sito. In ogni caso, l&#8217;accettazione delle Condizioni Generali sar\u00e0 un passaggio preliminare e indispensabile per la contrattazione di qualsiasi servizio di fotoritocco disponibile attraverso il Sito Web.   <\/p>\n<p> <\/p>\n<p><\/p>\n<p><\/p>\n<h4><strong>2.- CAPACIT\u00c0 E CONCLUSIONE DEL CONTRATTO<\/strong><\/h4>\n<div><strong> <\/strong><\/div>\n<p><\/p>\n<p><\/p>\n<p>Selezionando la casella &#8216;Accetto&#8217; o premendo il pulsante &#8220;Registrati&#8221;, creando un account utente di proretoque.photo, o utilizzando i servizi di fotoritocco.photo, confermi di avere almeno 18 anni.<\/p>\n<p><\/p>\n<p><\/p>\n<p>Solo le persone di et\u00e0 superiore ai 18 anni possono effettuare ordini tramite proretoque.fo. L&#8217;utente che fa uso di proretoque.photo garantisce di avere almeno tale et\u00e0 nonch\u00e9 la veridicit\u00e0 dell&#8217;insieme dei dati di registrazione forniti a proretoque.photo. In ogni caso, l&#8217;utente sar\u00e0 il solo responsabile delle dichiarazioni false o inesatte che realizza e dei danni che causa a proretoque.photo o a terzi per le informazioni fornite.  <\/p>\n<p><\/p>\n<p><\/p>\n<p>Le fotografie, rappresentazioni grafiche o iconografiche e i video relativi ai servizi di ritocco fotografico di proretoque.photo, nonch\u00e9 nomi commerciali, marchi o segni distintivi di qualsiasi tipo contenuti nel sito web, hanno lo scopo di fornire la massima informazione, Tuttavia, l&#8217;utente deve tenere presente che sono orientativi e quindi non esaustivi.<\/p>\n<p><\/p>\n<p><\/p>\n<p>Lo spagnolo sar\u00e0 la lingua utilizzata per formalizzare il contratto.<\/p>\n<p> <\/p>\n<p><\/p>\n<p><\/p>\n<h4><strong>3.- SISTEMA DI ACQUISTO DEI SERVIZI DI RITOCCO FOTOGRAFICO<\/strong><\/h4>\n<div><strong> <\/strong><\/div>\n<p><\/p>\n<p><\/p>\n<p>Per procedere all&#8217;acquisto dei servizi di fotoritocco, l&#8217;utente registrato dovr\u00e0 selezionare i servizi di fotoritocco che desidera acquistare e aggiungerli al Carrello. Una volta completata la selezione dei servizi di fotoritocco oggetto dell&#8217;acquisto, l&#8217;utente dovr\u00e0 cliccare sull&#8217;icona &#8220;Paga&#8221;. Di seguito sono indicati i servizi di fotoritocco selezionati per l&#8217;acquisto. L&#8217;utente deve premere l&#8217;icona &#8220;Continua&#8221; fino al completamento del processo di acquisto, potendo scegliere il termine di consegna tra 24, 48 e 72 ore. Il pagamento avverr\u00e0 sempre in anticipo tramite carta di credito, bonifico bancario o PayPal.    <\/p>\n<p><\/p>\n<p><\/p>\n<p>Nel processo di acquisto sar\u00e0 possibile selezionare il termine di consegna.<\/p>\n<p><\/p>\n<p><\/p>\n<p>Il nome utente, l&#8217;indirizzo e-mail e la password forniti a proretoque.photo sono elementi <strong>identificativi e abilitanti<\/strong> per accedere ed effettuare gli acquisti e hanno carattere personale e non trasferibile. Il nome utente, la password e l&#8217;indirizzo e-mail possono essere modificati, nel qual caso la password, il nome utente e\/o l&#8217;indirizzo e-mail non sono pi\u00f9 validi. <\/p>\n<p><\/p>\n<p><\/p>\n<p>Una volta completato il processo di acquisto proretoque.photo invier\u00e0 all&#8217;e-mail fornita dall&#8217;utente, un&#8217;e-mail di conferma della ricezione dell&#8217;ordine e la fattura corrispondente.<\/p>\n<p> <\/p>\n<p><\/p>\n<p><\/p>\n<h4><strong>4.- PREZZI E CONSEGNA<\/strong><\/h4>\n<div><strong> <\/strong><\/div>\n<p><\/p>\n<p><\/p>\n<p>I prezzi dei servizi di fotoritocco visualizzati sul sito web non includono eventuali tasse.<\/p>\n<p><\/p>\n<p><\/p>\n<p>I prezzi <strong>non includono<\/strong> eventuali costi aggiuntivi che potrebbero eventualmente verificarsi, i quali saranno specificati separatamente e dovranno essere accettati dal Cliente. Proretoque.photo si riserva il diritto di modificare il prezzo dei servizi di fotoritocco che appaiono sul sito web senza preavviso del cliente, anche se i prezzi saranno sempre mantenuti nei preventivi accettati dal cliente. <\/p>\n<p><\/p>\n<p><\/p>\n<p>Gli ordini devono essere elaborati dal sito web, dove l&#8217;utente sar\u00e0 informato prima del completamento di ogni acquisto, l&#8217;importo esatto di ciascuno dei suoi ordini.<\/p>\n<p><\/p>\n<p><\/p>\n<p>Il termine stimato di consegna dell&#8217;ordine sar\u00e0 di 72 ore, nel caso in cui il termine sia superiore, Proretoque.photo informer\u00e0 l&#8217;acquirente del nuovo termine di consegna.<\/p>\n<p><\/p>\n<p><\/p>\n<p>Nel caso di aver selezionato nel processo d&#8217;acquisto un periodo di consegna diverso, l&#8217;utente avr\u00e0 un supplemento in base ai prezzi indicati sul sito web, a seconda della fretta.<\/p>\n<p><\/p>\n<p><\/p>\n<p>Se per circostanze di forza maggiore un servizio di ritocco fotografico non \u00e8 disponibile dopo l&#8217;acquisto, proretoque.photo informer\u00e0 l&#8217;utente via e-mail dell&#8217;annullamento totale o parziale dell&#8217;ordine. L&#8217;annullamento parziale dell&#8217;ordine non d\u00e0 diritto all&#8217;annullamento dell&#8217;intero ordine, fatto salvo l&#8217;esercizio del diritto di recesso spettante all&#8217;utente ai sensi delle presenti Condizioni Generali. <\/p>\n<p><\/p>\n<p><\/p>\n<p>La realizzazione dell&#8217;ordine attraverso la compilazione del modulo di acquisto implica la conformit\u00e0 con il prezzo offerto e con le condizioni generali di vendita in vigore al momento specifico. Una volta formalizzato l&#8217;ordine si intende perfezionato l&#8217;acquisto di pieno diritto, con tutte le garanzie legali che proteggono il consumatore acquirente, e da quel momento i prezzi e le condizioni avranno carattere contrattuale, e non possono essere modificati senza l&#8217;espresso accordo di entrambe le parti. <\/p>\n<p><\/p>\n<p><\/p>\n<p>Gli <strong>sconti e le promozioni<\/strong> offerte da questo sito web saranno validi solo per il periodo di tempo previsto negli stessi e soggetti alle condizioni e limitazioni ivi stabilite. La consegna dei servizi di fotoritocco avverr\u00e0 nella procedura indicata dall&#8217;utente nel processo di acquisto. <\/p>\n<p> <\/p>\n<p><\/p>\n<p><\/p>\n<h4><strong>5.- RINUNCIA<\/strong><\/h4>\n<div><strong> <\/strong><\/div>\n<p><\/p>\n<p><\/p>\n<p><strong>Diritto di recesso.<\/strong><\/p>\n<p><\/p>\n<p><\/p>\n<p>L&#8217;utente ha il diritto di recedere dal presente contratto entro quattordici (14) giorni di calendario senza necessit\u00e0 di giustificazioni.<\/p>\n<p><\/p>\n<p><\/p>\n<p>Il periodo di recesso scade dopo 14 giorni di calendario dal giorno della consegna.<\/p>\n<p><\/p>\n<p><\/p>\n<p>Per esercitare il diritto di recesso, l&#8217;utente deve notificare la sua decisione attraverso una dichiarazione inequivocabile (ad esempio, una lettera inviata via posta, fax o e-mail). Puoi utilizzare il modulo di recesso in fondo alla pagina, ma non \u00e8 obbligatorio. L&#8217;indirizzo di invio della notifica \u00e8 il seguente (in seguito &#8220;indirizzo delle notifiche&#8221;): clienti(arroba)proretoque.photo  <\/p>\n<p><\/p>\n<p><\/p>\n<p><strong>FOTORETOQUE S.L. <\/strong><\/p>\n<p><\/p>\n<p><\/p>\n<div class=\"wp-block-group\">\n<div class=\"wp-block-group__inner-container\"> <\/div>\n<\/div>\n<p><\/p>\n<p><\/p>\n<p>Per rispettare il termine di recesso, \u00e8 sufficiente che la comunicazione relativa all&#8217;esercizio di questo diritto sia inviata <span style=\"font-weight: 400;\">conformemente a quanto previsto dalla legislazione vigente, prima della scadenza del termine corrispondente<\/span><\/p>\n<p><\/p>\n<p><\/p>\n<p><strong>Conseguenze del recesso<\/strong><\/p>\n<p><\/p>\n<p><\/p>\n<p>L&#8217;utente dovr\u00e0 sostenere il costo diretto di restituzione dei servizi di fotoritocco.<\/p>\n<p><\/p>\n<p><\/p>\n<p>In caso di recesso, verranno restituiti tutti i pagamenti ricevuti (ad eccezione dei costi aggiuntivi derivanti dalla scelta di una modalit\u00e0 di consegna diversa da quella meno costosa di consegna ordinaria offerta). Il rimborso di tali somme avverr\u00e0 senza indebito ritardo e, in ogni caso, prima che siano trascorsi 14 giorni di calendario dalla data in cui \u00e8 stato informato della decisione di recesso dal contratto da parte dell&#8217;utente. <\/p>\n<p><\/p>\n<p><\/p>\n<p>Tale rimborso sar\u00e0 effettuato utilizzando lo stesso mezzo di pagamento utilizzato dall&#8217;utente per la transazione iniziale, a meno che l&#8217;utente non abbia espressamente disposto altrimenti; in ogni caso, non incorrer\u00e0 in alcun costo in conseguenza del rimborso. Il rimborso pu\u00f2 essere trattenuto fino al ricevimento dei beni\/servizi di fotoritocco o fino alla presentazione da parte dell&#8217;utente della prova della restituzione degli stessi, a seconda di quale condizione sia soddisfatta per prima. <\/p>\n<p><\/p>\n<p><\/p>\n<p>Se i beni\/servizi di fotoritocco sono gi\u00e0 stati consegnati, l&#8217;utente dovr\u00e0 restituirli senza indebito ritardo e comunque entro 14 giorni di calendario dalla data in cui comunica la sua decisione di recesso dal contratto.<\/p>\n<p><\/p>\n<p><\/p>\n<p>Proretoque.photo pu\u00f2 trattenere il rimborso fino a quando non ha ricevuto i beni\/ servizi di fotoritocco, o fino a quando il consumatore e l&#8217;utente hanno presentato una prova della restituzione dei beni\/ servizi di fotoritocco, a seconda di quale condizione \u00e8 soddisfatta prima.<\/p>\n<p><\/p>\n<p><\/p>\n<p><strong>Condizioni di restituzione<\/strong><\/p>\n<p><\/p>\n<p><\/p>\n<p>Non saranno accettate restituzioni dei seguenti servizi di fotoritocco, come stabilito dal Regio Decreto Legislativo 1\/2007, del 16 novembre, che approva il testo riassunto della Legge Generale per la Difesa dei Consumatori e degli Utenti e altre leggi complementari:<\/p>\n<p><\/p>\n<p><\/p>\n<p>a) la prestazione di servizi, una volta che il servizio \u00e8 stato completamente eseguito, quando l&#8217;esecuzione \u00e8 iniziata, con il previo consenso esplicito del consumatore e dell&#8217;utente e con il riconoscimento da parte loro che \u00e8 consapevole che, una volta che il contratto \u00e8 stato completamente eseguito dall&#8217;imprenditore, si perde il diritto di recesso.<\/p>\n<p><\/p>\n<p><\/p>\n<p>b) la fornitura di beni o servizi il cui prezzo dipende da fluttuazioni del mercato finanziario che l&#8217;imprenditore non pu\u00f2 controllare e che possono verificarsi durante il periodo di recesso.<\/p>\n<p><\/p>\n<p><\/p>\n<p>c) La fornitura di beni confezionati secondo le specifiche del consumatore e dell&#8217;utente o chiaramente personalizzati.<\/p>\n<p><\/p>\n<p><\/p>\n<p>d) La fornitura di beni che possono deteriorarsi o scadere rapidamente.<\/p>\n<p><\/p>\n<p><\/p>\n<p>e) la fornitura di beni sigillati che non possono essere restituiti per motivi di protezione della salute o d&#8217;igiene e che sono stati ssigillati dopo la consegna.<\/p>\n<p><\/p>\n<p><\/p>\n<p>f) la cessione di beni che dopo la loro consegna e tenuto conto della loro natura si sono mescolati in modo indissociabile con altri beni.<\/p>\n<p><\/p>\n<p><\/p>\n<p>g) La fornitura di bevande alcoliche il cui prezzo \u00e8 stato concordato al momento della conclusione del contratto di vendita e che non possono essere consegnate prima di 30 giorni, e il cui valore reale dipende da fluttuazioni del mercato che l&#8217;imprenditore non pu\u00f2 controllare.<\/p>\n<p><\/p>\n<p><\/p>\n<p>h) i contratti in cui il consumatore e l&#8217;utente hanno specificamente chiesto al datore di lavoro di visitare per effettuare riparazioni o manutenzioni urgenti; se, nel corso di tale visita, l&#8217;imprenditore fornisce servizi supplementari a quelli specificamente richiesti dal consumatore o fornisce beni diversi dai pezzi di ricambio utilizzati necessariamente per effettuare le operazioni di manutenzione o riparazione, il diritto di recesso dovrebbe applicarsi a tali servizi o beni aggiuntivi.<\/p>\n<p><\/p>\n<p><\/p>\n<p>i) La fornitura di registrazioni audio o video sigillate o di software sigillati che sono stati sigillati dal consumatore e dall&#8217;utente dopo la consegna.<\/p>\n<p><\/p>\n<p><\/p>\n<p>j) la fornitura di quotidiani, periodici o riviste, ad eccezione dei contratti di abbonamento per la fornitura di tali pubblicazioni.<\/p>\n<p><\/p>\n<p><\/p>\n<p>k) i contratti stipulati mediante asta pubblica.<\/p>\n<p><\/p>\n<p><\/p>\n<p>l) la fornitura di servizi di alloggio per scopi diversi da quelli di alloggio, trasporto di beni, noleggio di veicoli, pasti o servizi relativi ad attivit\u00e0 ricreative, se i contratti prevedono una data o un periodo di esecuzione specifici.<\/p>\n<p><\/p>\n<p><\/p>\n<p>m) El suministro de contenido digital que no se preste en un soporte material cuando la ejecuci\u00f3n haya comenzado con el previo consentimiento expreso del consumidor y usuario con el conocimiento por su parte de que en consecuencia pierde su derecho de desistimiento.<\/p>\n<p> <\/p>\n<p><\/p>\n<p><\/p>\n<h4><strong>6.- GARANZIA DI CONFORMIT\u00c0<\/strong><\/h4>\n<div><strong> <\/strong><\/div>\n<p><\/p>\n<p><\/p>\n<p>Se il servizio di fotoritocco non \u00e8 conforme al contratto (errore nella preparazione), l&#8217;utente pu\u00f2 scegliere tra richiedere la sostituzione dei servizi di fotoritocco, la riduzione del prezzo o la risoluzione del contratto in conformit\u00e0 alla legge. La risoluzione non ha luogo quando il difetto di conformit\u00e0 \u00e8 di scarsa importanza. <\/p>\n<p><\/p>\n<p><\/p>\n<p>Si considera sproporzionata la forma di risanamento che, rispetto all&#8217;altra, impone al venditore costi irragionevoli, tenuto conto del valore che avrebbe il servizio di ritocco fotografico se non vi fosse difetto di conformit\u00e0, la rilevanza del difetto di conformit\u00e0 e se la forma alternativa di risanamento possa essere realizzata senza inconvenienti maggiori per il consumatore e l&#8217;utilizzatore.<\/p>\n<p><\/p>\n<p><\/p>\n<p>Per determinare se i costi sono irragionevoli, le spese relative a una forma di risanamento devono inoltre essere considerevolmente superiori alle spese relative all&#8217;altra forma di risanamento.<\/p>\n<p><\/p>\n<p><\/p>\n<p>La riduzione del prezzo sar\u00e0 proporzionale alla differenza esistente tra il valore che il servizio di fotoritocco avrebbe avuto al momento della consegna se fosse stato conforme al contratto e il valore che il servizio di fotoritocco effettivamente consegnato aveva al tale consegna.<\/p>\n<p> <\/p>\n<p><\/p>\n<p><\/p>\n<h4><strong>7.- COMUNICAZIONI TRA proretoque.photo e l&#8217;utente<\/strong><\/h4>\n<div><strong> <\/strong><\/div>\n<p><\/p>\n<p><\/p>\n<p>Tutte le comunicazioni tra proretoque.photo e l&#8217;utente relative alle presenti Condizioni Generali o all&#8217;acquisto dei servizi di fotoritocco tramite il sito web, saranno effettuate per iscritto e in conformit\u00e0 con le procedure di comunicazione stabilite nelle presenti Condizioni Generali per ogni caso particolare.<\/p>\n<p><\/p>\n<p><\/p>\n<p>Per gli altri casi non espressamente disciplinati dalle presenti Condizioni Generali, le comunicazioni che l&#8217;utente intende inviare a proretoque.photo saranno indirizzate all&#8217;indirizzo di proretoque.photo indicato nell&#8217;indirizzo delle notifiche e saranno effettuate per iscritto e mediante un sistema che consenta di accreditare il contenuto e la ricezione da parte proretoque.photo della stessa corrispondente comunicazione.<\/p>\n<p> <\/p>\n<p><\/p>\n<p><\/p>\n<h4><strong>8.- PROPRIET\u00c0 INTELLETTUALE E INDUSTRIALE E DIRITTI DI IMMAGINE<\/strong><\/h4>\n<div><strong> <\/strong><\/div>\n<p><\/p>\n<p><\/p>\n<p>L&#8217;autorizzazione per la trasformazione del materiale fotografico che l&#8217;Utente concede a proretoque.photo con l&#8217;accettazione delle presenti Condizioni Generali di Contratto, non comporta alcuna cessione di diritti di propriet\u00e0 intellettuale o industriale a favore proretoque.photo, limitandosi ad effettuare il ritocco del materiale secondo le indicazioni che l&#8217;Utente avr\u00e0 stabilito. La titolarit\u00e0 dei diritti di propriet\u00e0 intellettuale derivanti dal risultato della trasformazione spetter\u00e0 in ogni caso all&#8217;Utente. <\/p>\n<p><\/p>\n<p><\/p>\n<p>Fermo restando quanto precede, proretoque.photo non \u00e8 autorizzata a riprodurre e mettere a disposizione del pubblico sul suo sito web www.proretoque.photo alcuna delle fotografie oggetto di trattamento, al solo scopo di promuovere i servizi offerti.<\/p>\n<p><\/p>\n<p><\/p>\n<p>L&#8217;Utente garantisce a proretoque.photo di essere titolare dei diritti di propriet\u00e0 intellettuale e\/o industriale derivanti dal materiale fotografico oggetto del trattamento, nonch\u00e9 dei diritti d&#8217;immagine delle persone che appaiono in tali fotografie, o che ha l&#8217;opportuna autorizzazione del titolare o dei titolari di tali diritti per ordinarne la trasformazione da parte dell&#8217;Azienda. Di conseguenza, l&#8217;Utente esonera proretoque.photo da qualsiasi responsabilit\u00e0 che possa derivare dal reclamo di un terzo in relazione alla trasformazione effettuata, nonch\u00e9 ai diritti di propriet\u00e0 intellettuale o industriale di tale materiale fotografico, e in relazione ai diritti d&#8217;immagine delle persone che appaiono nelle fotografie oggetto dei Servizi contrattati, per le quali l&#8217;Utente \u00e8 tenuto a rispondere direttamente assumendo il pagamento integrale dei danni eventualmente richiesti, cos\u00ec come la totalit\u00e0 delle spese incluse di avvocati, in cui incorre proretoque.photo per far fronte a tali reclami. <\/p>\n<p> <\/p>\n<p><\/p>\n<p><\/p>\n<h4><strong>9.- INTEGRIT\u00c0 DELLE CONDIZIONI GENERALI.<\/strong><\/h4>\n<div><strong> <\/strong><\/div>\n<p><\/p>\n<p><\/p>\n<p>Le presenti Condizioni Generali, la Privacy Policy e l&#8217;Avviso Legale costituiscono l&#8217;espressa e unica volont\u00e0 di proretoque.photo e dell&#8217;utente in relazione al suo oggetto e annullano e sostituiscono qualsiasi altro accordo o contratto, verbale o scritto, raggiunti dalle parti in precedenza.<\/p>\n<p> <\/p>\n<p><\/p>\n<p><\/p>\n<h4><strong>10.- NULLIT\u00c0 PARZIALE<\/strong><\/h4>\n<div><strong> <\/strong><\/div>\n<p><\/p>\n<p><\/p>\n<p>Nel caso in cui qualsiasi clausola delle presenti Condizioni Generali sia dichiarata nulla, si proceder\u00e0 alla rimozione o sostituzione della stessa. In ogni caso, tale dichiarazione di nullit\u00e0 non pregiudica la validit\u00e0 delle altre disposizioni contenute nelle presenti Condizioni Generali. <\/p>\n<p> <\/p>\n<p><\/p>\n<p><\/p>\n<h4><strong>11.- LEGGE E FORO COMPETENTE<\/strong><\/h4>\n<div><strong> <\/strong><\/div>\n<p><\/p>\n<p><\/p>\n<p>Le presenti Condizioni Generali sono regolate e interpretate in conformit\u00e0 con la legislazione spagnola vigente al momento della conclusione del contratto.<\/p>\n<p><\/p>\n<p><\/p>\n<p>In caso di qualsiasi discrepanza o reclamo tra le parti in relazione all&#8217;adempimento o al contenuto delle presenti Condizioni Generali, a condizione che secondo la legge non sia applicabile il foro corrispondente al domicilio del consumatore o dell&#8217;utente, sar\u00e0 risolta definitivamente sottoponendola ai tribunali spagnoli o, a scelta di proretoque.photo, sottoponendola all&#8217;arbitrato di diritto, amministrato dalla Corte di Arbitrato della Camera Ufficiale di Commercio e Industria di Madrid, in conformit\u00e0 con il suo Regolamento di Arbitrato in vigore alla data di presentazione della richiesta di arbitrato. Il tribunale arbitrale designato a tal fine sar\u00e0 composto da un solo arbitro e la lingua dell&#8217;arbitrato sar\u00e0 lo spagnolo. La sede dell&#8217;arbitrato sar\u00e0 Madrid.  <\/p>\n<p> <\/p>\n<p><\/p>\n<p><\/p>\n<h4><strong>12.- RISOLUZIONE DELLE CONTROVERSIE<\/strong><\/h4>\n<div><strong> <\/strong><\/div>\n<p><\/p>\n<p><\/p>\n<p>Ai sensi dell&#8217;art. 14 del regolamento (UE) n.\/2013 del Parlamento europeo e del Consiglio, del 21 maggio 2013, relativo alla risoluzione delle controversie in materia di consumo online e che modifica il regolamento (CE) n.\/2004 e la direttiva 2009\/22\/CE, gli acquirenti e gli utenti di questo sito web sono informati dell&#8217;esistenza della piattaforma per la risoluzione delle controversie online dell&#8217;Unione europea, accessibile al seguente indirizzo: <a href=\"https:\/\/webgate.ec.europa.eu\/odr\/main\/?event=main.home.show\">https:\/\/webgate.ec.europa.eu\/odr\/main\/? event=main.home.show<\/a><\/p>\n<p><\/p>\n<p><\/p>\n<p><strong>Modello di modulo di recesso (\u00e8 necessario compilare e inviare il presente modulo solo se si desidera recedere dal contratto)<\/strong><\/p>\n<p><\/p>\n<p><\/p>\n<figure class=\"wp-block-table\">\n<table>\n<tbody>\n<tr>\n<td>All&#8217;attenzione di: FOTORETOQUE S.L. C\/ Montera 32 Madrid 28013 MadridE-Mail: clientes@proretoque.photo Con la presente, vi comunico\/comunichiamo che rinuncio a\/annulliamo il nostro contratto di vendita del seguente bene\/prestazione del seguente servizio: ricevuto il &#8230;&#8230;&#8230;&#8230;&#8230;.. Nome del consumatore o dei consumatori.\u2026\u2026\u2026\u2026\u2026\u2026\u2026\u2026\u2026\u2026\u2026\u2026\u2026\u2026\u2026\u2026\u2026\u2026\u2026\u2026\u2026\u2026. Indirizzo del consumatore o dei consumatori.\u2026\u2026\u2026\u2026\u2026\u2026\u2026\u2026\u2026\u2026\u2026\u2026\u2026\u2026\u2026\u2026\u2026\u2026\u2026\u2026.. Firma del consumatore o dei consumatori(solo se il presente modulo \u00e8 presentato su supporto cartaceo). \u2026\u2026\u2026\u2026\u2026\u2026\u2026\u2026\u2026\u2026\u2026\u2026\u2026. Luogo e data <\/td>\n<\/tr>\n<\/tbody>\n<\/table>\n<\/figure>\n<p><\/p>\n<p><\/p>\n<p>Aggiornato al 01 maggio 2019<\/p>\n<p><\/p>\n<p><\/p>\n<p><em>\u00a9 2019 FOTORETOQUE S.L. Tutti i diritti riservati.<br><\/em><\/p>\n<p><\/p>\t\t\t\t\t<\/div>\n\t\t\t\t\t\t<\/div>\n\t\t\t\t<\/div>\n\t\t\t\t\t\t<\/div>\n\t\t\t\t\t<\/div>\n\t\t<\/div>\n\t\t\t\t\t\t\t\t<\/div>\n\t\t\t\t\t<\/div>\n\t\t<\/section>\n\t\t\t\t\t\t<\/div>\n\t\t\t\t\t\t<\/div>\n\t\t\t\t\t<\/div>\n\t\t","protected":false},"excerpt":{"rendered":"<p class=\"excerpt\">Le presenti Condizioni Generali di Contratto (di seguito, le &#8220;Condizioni Generali&#8221;), insieme alle condizioni particolari che possono essere stabilite, regolano le condizioni di acquisto dei servizi di fotoritocco tramite il sito web www.proretoque.photo , (di seguito il &#8220;Sito Web&#8221; o il &#8220;Portale&#8221;), propriet\u00e0 di FOTORETOQUE S.L. (di seguito FOTORETOQUE) con C.I.F: B88094461, iscritta nel registro [&hellip;]<\/p>\n","protected":false},"author":1,"featured_media":0,"parent":0,"menu_order":16,"comment_status":"closed","ping_status":"closed","template":"template-blank.php","meta":{"footnotes":""},"class_list":["post-28696","page","type-page","status-publish","hentry"],"_links":{"self":[{"href":"https:\/\/proretoque.photo\/it\/wp-json\/wp\/v2\/pages\/28696","targetHints":{"allow":["GET"]}}],"collection":[{"href":"https:\/\/proretoque.photo\/it\/wp-json\/wp\/v2\/pages"}],"about":[{"href":"https:\/\/proretoque.photo\/it\/wp-json\/wp\/v2\/types\/page"}],"author":[{"embeddable":true,"href":"https:\/\/proretoque.photo\/it\/wp-json\/wp\/v2\/users\/1"}],"replies":[{"embeddable":true,"href":"https:\/\/proretoque.photo\/it\/wp-json\/wp\/v2\/comments?post=28696"}],"version-history":[{"count":1,"href":"https:\/\/proretoque.photo\/it\/wp-json\/wp\/v2\/pages\/28696\/revisions"}],"predecessor-version":[{"id":28697,"href":"https:\/\/proretoque.photo\/it\/wp-json\/wp\/v2\/pages\/28696\/revisions\/28697"}],"wp:attachment":[{"href":"https:\/\/proretoque.photo\/it\/wp-json\/wp\/v2\/media?parent=28696"}],"curies":[{"name":"wp","href":"https:\/\/api.w.org\/{rel}","templated":true}]}}